{"id":7068,"date":"2024-03-29T18:11:17","date_gmt":"2024-03-29T17:11:17","guid":{"rendered":"https:\/\/reverent-antonelli.23-88-7-78.plesk.page\/uber-uns\/our-partners\/"},"modified":"2025-08-20T11:49:17","modified_gmt":"2025-08-20T09:49:17","slug":"our-partners","status":"publish","type":"page","link":"https:\/\/normativeorders.net\/en\/uber-uns\/our-partners\/","title":{"rendered":"Our partners"},"content":{"rendered":"<section class=\"partners\">\n    <div class=\"container\">\n                    <div class=\"block-heading\">\n                <h1>Unsere Partner<\/h1>\n<p>Neben Instituten und Einrichtungen der Sprecheruniversit\u00e4t, der Goethe-Universit\u00e4t Frankfurt am Main, beteiligen sich folgende Kooperationspartner am Forschungszentrum:<\/p>\n            <\/div>\n                            <div class=\"block-partners row\">\n                                                        <div class=\"col-xs-6 col-lg-4\">\n                        <div class=\"box-partner\">\n                                                            <div class=\"box-logo\">\n                                    <img decoding=\"async\" src=\"https:\/\/normativeorders.net\/wp-content\/uploads\/2024\/03\/logo-partner-1.svg\" alt=\"\">\n                                <\/div>\n                                                                                        <div class=\"box-text\">\n                                    <a href=\"https:\/\/www.tu-darmstadt.de\" target=\"_blank\">\n                                        <strong>Technische Universit\u00e4t Darmstadt<\/strong>                                     <\/a>\n                                <\/div>\n                                                    <\/div>\n                    <\/div>\n                                                        <div class=\"col-xs-6 col-lg-4\">\n                        <div class=\"box-partner\">\n                                                            <div class=\"box-logo\">\n                                    <img decoding=\"async\" src=\"https:\/\/normativeorders.net\/wp-content\/uploads\/2024\/03\/logo-partner-2.svg\" alt=\"\">\n                                <\/div>\n                                                                                        <div class=\"box-text\">\n                                    <a href=\"https:\/\/www.prif.org\" target=\"_blank\">\n                                        <strong>Leibniz-Institut f\u00fcr Friedens- und Konfliktforschung<\/strong>  (Frankfurt am Main)                                    <\/a>\n                                <\/div>\n                                                    <\/div>\n                    <\/div>\n                                                        <div class=\"col-xs-6 col-lg-4\">\n                        <div class=\"box-partner\">\n                                                            <div class=\"box-logo\">\n                                    <img decoding=\"async\" src=\"https:\/\/normativeorders.net\/wp-content\/uploads\/2024\/03\/logo-partner-3.svg\" alt=\"\">\n                                <\/div>\n                                                                                        <div class=\"box-text\">\n                                    <a href=\"https:\/\/www.mpil.de\/\" target=\"_blank\">\n                                        <strong>Max-Planck-Institut<\/strong> f\u00fcr ausl\u00e4ndisches \u00f6ffentliches Recht und V\u00f6lkerrecht (Heidelberg)                                    <\/a>\n                                <\/div>\n                                                    <\/div>\n                    <\/div>\n                                                        <div class=\"col-xs-6 col-lg-4\">\n                        <div class=\"box-partner\">\n                                                            <div class=\"box-logo\">\n                                    <img decoding=\"async\" src=\"https:\/\/normativeorders.net\/wp-content\/uploads\/2024\/03\/logo-partner-4.svg\" alt=\"\">\n                                <\/div>\n                                                                                        <div class=\"box-text\">\n                                    <a href=\"https:\/\/www.ifs.uni-frankfurt.de\/\" target=\"_blank\">\n                                        <strong>Institut f\u00fcr Sozialforschung<\/strong> (Frankfurt am Main)                                    <\/a>\n                                <\/div>\n                                                    <\/div>\n                    <\/div>\n                                                        <div class=\"col-xs-6 col-lg-4\">\n                        <div class=\"box-partner\">\n                                                            <div class=\"box-logo\">\n                                    <img decoding=\"async\" src=\"https:\/\/normativeorders.net\/wp-content\/uploads\/2024\/03\/logo-partner-5.svg\" alt=\"\">\n                                <\/div>\n                                                                                        <div class=\"box-text\">\n                                    <a href=\"https:\/\/www.frobenius-institut.de\" target=\"_blank\">\n                                        <strong>Frobenius-Institut<\/strong> (Frankfurt am Main)                                    <\/a>\n                                <\/div>\n                                                    <\/div>\n                    <\/div>\n                                                        <div class=\"col-xs-6 col-lg-4\">\n                        <div class=\"box-partner\">\n                                                            <div class=\"box-logo\">\n                                    <img decoding=\"async\" src=\"https:\/\/normativeorders.net\/wp-content\/uploads\/2024\/03\/logo-partner-6.svg\" alt=\"\">\n                                <\/div>\n                                                                                        <div class=\"box-text\">\n                                    <a href=\"http:\/\/pointsud.org\/\" target=\"_blank\">\n                                        <strong>Point Sud<\/strong> Center for Research on Local Knowledge (Bamako, Mali)                                    <\/a>\n                                <\/div>\n                                                    <\/div>\n                    <\/div>\n                            <\/div>\n            <\/div>\n<\/section>\n","protected":false},"excerpt":{"rendered":"","protected":false},"author":1,"featured_media":0,"parent":262,"menu_order":0,"comment_status":"closed","ping_status":"closed","template":"","meta":{"inline_featured_image":false,"footnotes":"","_links_to":"","_links_to_target":""},"class_list":["post-7068","page","type-page","status-publish","hentry"],"acf":[],"_links":{"self":[{"href":"https:\/\/normativeorders.net\/en\/wp-json\/wp\/v2\/pages\/7068"}],"collection":[{"href":"https:\/\/normativeorders.net\/en\/wp-json\/wp\/v2\/pages"}],"about":[{"href":"https:\/\/normativeorders.net\/en\/wp-json\/wp\/v2\/types\/page"}],"author":[{"embeddable":true,"href":"https:\/\/normativeorders.net\/en\/wp-json\/wp\/v2\/users\/1"}],"replies":[{"embeddable":true,"href":"https:\/\/normativeorders.net\/en\/wp-json\/wp\/v2\/comments?post=7068"}],"version-history":[{"count":6,"href":"https:\/\/normativeorders.net\/en\/wp-json\/wp\/v2\/pages\/7068\/revisions"}],"predecessor-version":[{"id":11107,"href":"https:\/\/normativeorders.net\/en\/wp-json\/wp\/v2\/pages\/7068\/revisions\/11107"}],"up":[{"embeddable":true,"href":"https:\/\/normativeorders.net\/en\/wp-json\/wp\/v2\/pages\/262"}],"wp:attachment":[{"href":"https:\/\/normativeorders.net\/en\/wp-json\/wp\/v2\/media?parent=7068"}],"curies":[{"name":"wp","href":"https:\/\/api.w.org\/{rel}","templated":true}]}}