{"id":7026,"date":"2024-06-10T13:56:28","date_gmt":"2024-06-10T11:56:28","guid":{"rendered":"https:\/\/reverent-antonelli.23-88-7-78.plesk.page\/media-reports\/"},"modified":"2025-04-28T14:38:30","modified_gmt":"2025-04-28T12:38:30","slug":"media-reports","status":"publish","type":"page","link":"https:\/\/normativeorders.net\/en\/media-reports\/","title":{"rendered":"Media reports"},"content":{"rendered":"                    <section class=\"press-review\" data-category=\"[]\" data-numberposts=\"12\">\n            <div class=\"container\">\n                <h1>Media reports<\/h1>\n                \n<div class=\"block-press-review row\">\n\n    \n                        <div class=\"col-lg-6\">\n                                            <div class=\"box-item\">\n                            <div class=\"box-date\">16. March 2026| Interview<\/div>\n                            <h3><a href=\"https:\/\/www.fr.de\/kultur\/gesellschaft\/philosoph-rainer-forst-ueber-die-theorie-und-die-wirkung-von-juergen-habermas-94220951.html\">Rainer Forst \u00fcber Habermas \u2013 \u201eDie Diskursethik bleibt ein Meilenstein\u201c<\/a><\/h3>\n                                                            <p>Philosoph Rainer Forst \u00fcber die Theorie und die Wirkung von J\u00fcrgen Habermas. Ein Interview von Michael Hesse (Frankfurter Rundschau)<\/p>\n                                                        <a class=\"box-link\" href=\"https:\/\/www.fr.de\/kultur\/gesellschaft\/philosoph-rainer-forst-ueber-die-theorie-und-die-wirkung-von-juergen-habermas-94220951.html\">zum Beitrag \u203a<\/a>\n                        <\/div>\n                                            <div class=\"box-item\">\n                            <div class=\"box-date\">15. March 2026| Interview<\/div>\n                            <h3><a href=\"https:\/\/www.deutschlandfunkkultur.de\/juergen-habermas-der-letzte-aufklaerer-100.html\">J\u00fcrgen Habermas &#8211; Der letzte gro\u00dfe Aufkl\u00e4rer<\/a><\/h3>\n                                                            <p>J\u00fcrgen Habermas ist tot \u2013 der Denker des herrschaftsfreien Diskurses pr\u00e4gte die politische Philosophie der Bundesrepublik. F\u00fcr Martin Saar war er ein \u201eganz, ganz gro\u00dfer\u201c Philosoph, der wissenschaftliche Tiefe mit \u00f6ffentlicher Wirkung verband. (Sein und Streit, Deutschlandfunk Kultur)<\/p>\n                                                        <a class=\"box-link\" href=\"https:\/\/www.deutschlandfunkkultur.de\/juergen-habermas-der-letzte-aufklaerer-100.html\">zum Beitrag \u203a<\/a>\n                        <\/div>\n                                            <div class=\"box-item\">\n                            <div class=\"box-date\">12. March 2026| Interview<\/div>\n                            <h3><a href=\"https:\/\/www.news.at\/politik\/nicole-deitelhoff-interview-iran-usa-2026\">Nicole Deitelhoff: \u201eWir m\u00fcssen mit einer neuen Terror-Welle rechnen\u201c<\/a><\/h3>\n                                                            <p>Konflikt- und Friedensforscherin Nicole Deitelhoff f\u00e4llt im Interview \u00fcber die Auswirkungen des Kriegs im Nahen Osten ein hartes Urteil. Europa erscheine diesbez\u00fcglich nur noch als Kontinent statt als politische Macht. Das V\u00f6lkerrecht gehe zugrunde, wenn dessen Verletzung nicht laut kritisiert wird, sagt sie. (News.at)<\/p>\n                                                        <a class=\"box-link\" href=\"https:\/\/www.news.at\/politik\/nicole-deitelhoff-interview-iran-usa-2026\">zum Beitrag \u203a<\/a>\n                        <\/div>\n                                            <div class=\"box-item\">\n                            <div class=\"box-date\">4. March 2026| Artikel<\/div>\n                            <h3><a href=\"https:\/\/www.fr.de\/panorama\/hollywood-film-zeigte-vor-25-jahren-ein-dilemma-das-die-polizei-heute-einholt-zr-94198636.html\">Hollywood-Film zeigte vor 25 Jahren ein Dilemma, das die Polizei heute einholt<\/a><\/h3>\n                                                            <p>Darf eine KI vor Straftaten warnen \u2013 und wenn ja, um welchen Preis? Ein Amoklauf in Kanada zwingt zur Debatte \u00fcber die Auswertung von Chatbot-Gespr\u00e4chen. Mit Tobias Singelnstein (Frankfurter Rundschau)<\/p>\n                                                        <a class=\"box-link\" href=\"https:\/\/www.fr.de\/panorama\/hollywood-film-zeigte-vor-25-jahren-ein-dilemma-das-die-polizei-heute-einholt-zr-94198636.html\">zum Beitrag \u203a<\/a>\n                        <\/div>\n                                            <div class=\"box-item\">\n                            <div class=\"box-date\">28. February 2026| Interview<\/div>\n                            <h3><a href=\"https:\/\/www.br.de\/nachrichten\/deutschland-welt\/2026-das-jahr-der-afd,VCL1Opi\">2026: Das Jahr der AfD?<\/a><\/h3>\n                                                            <p>Dieses Jahr darf die AfD auf neue Rekord-Wahlergebnisse hoffen \u2013 und k\u00f6nnte sogar erstmals eine Landesregierung stellen. Welche Folgen h\u00e4tte das f\u00fcr Deutschland \u2013 und f\u00fcr die AfD selbst? Interview mit Thomas Biebricher (BR24)<\/p>\n                                                        <a class=\"box-link\" href=\"https:\/\/www.br.de\/nachrichten\/deutschland-welt\/2026-das-jahr-der-afd,VCL1Opi\">zum Beitrag \u203a<\/a>\n                        <\/div>\n                                            <div class=\"box-item\">\n                            <div class=\"box-date\">3. February 2026| Interview<\/div>\n                            <h3><a href=\"https:\/\/www.tagesschau.de\/tagesthemen\/tt-12322.html\">Debatte in der Union zum Recht auf Teilzeitarbeit<\/a><\/h3>\n                                                            <p>Interview mit Thomas Biebricher zur Debatte um Teilzeitarbeit und Sozialsystem (ARD tagesthemen, ab Minute 4:33)<\/p>\n                                                        <a class=\"box-link\" href=\"https:\/\/www.tagesschau.de\/tagesthemen\/tt-12322.html\">zum Beitrag \u203a<\/a>\n                        <\/div>\n                                    <\/div>\n                                    <div class=\"col-lg-6\">\n                                            <div class=\"box-item\">\n                            <div class=\"box-date\">15. March 2026| Gastbeitrag<\/div>\n                            <h3><a href=\"https:\/\/normativeorders.net\/en\/press\/juergen-habermas-sollte-er-nicht-ewig-leben\/\">J\u00fcrgen Habermas &#8211; Sollte er nicht ewig leben?<\/a><\/h3>\n                                                            <p>J\u00fcrgen Habermas pr\u00e4gt die Philosophie und Gesellschaftstheorie nachhaltig. Sein Tod markiert das Ende einer Epoche und hinterl\u00e4sst eine gro\u00dfe L\u00fccke. Nicht nur bei seinen Sch\u00fclern und Weggef\u00e4hrten. Ein Gastbeitrag von Axel Honneth (Frankfurter Allgemeine Zeitung)<\/p>\n                                                        <a class=\"box-link\" href=\"https:\/\/normativeorders.net\/en\/press\/juergen-habermas-sollte-er-nicht-ewig-leben\/\">zum Beitrag \u203a<\/a>\n                        <\/div>\n                                            <div class=\"box-item\">\n                            <div class=\"box-date\">14. March 2026| Radiobeitrag<\/div>\n                            <h3><a href=\"https:\/\/www.deutschlandfunkkultur.de\/grosses-denken-langes-leben-zum-tod-von-juergen-habermas-100.html\">Gro\u00dfes Denken \u2013 langes Leben: Zum Tod von J\u00fcrgen Habermas<\/a><\/h3>\n                                                            <p>Mit u.a. Beitr\u00e4gen von Axel Honneth und Rainer Forst (Sendung Fazit, Deutschlandfunk Kultur)<\/p>\n                                                        <a class=\"box-link\" href=\"https:\/\/www.deutschlandfunkkultur.de\/grosses-denken-langes-leben-zum-tod-von-juergen-habermas-100.html\">zum Beitrag \u203a<\/a>\n                        <\/div>\n                                            <div class=\"box-item\">\n                            <div class=\"box-date\">9. March 2026| Interview<\/div>\n                            <h3><a href=\"https:\/\/www1.wdr.de\/mediathek\/audio\/wdr5\/wdr5-tagesgespraech\/audio-auftakt-wahljahr-was-sind-die-konsequenzen-100.html\">Auftakt Wahljahr 2026: Was sind die Konsequenzen?<\/a><\/h3>\n                                                            <p>Wahlkrimi in Baden-W\u00fcrttemberg: Der Gr\u00fcnen-Politiker Cem \u00d6zdemir konnte sich knapp gegen Alexander Hagel (CDU) durchsetzen. Hat Sie das Ergebnis \u00fcberrascht? Eine Diskussion mit dem Politologen Thomas Biebricher und Moderator Ralph Erdenberger. (WDR 5)<\/p>\n                                                        <a class=\"box-link\" href=\"https:\/\/www1.wdr.de\/mediathek\/audio\/wdr5\/wdr5-tagesgespraech\/audio-auftakt-wahljahr-was-sind-die-konsequenzen-100.html\">zum Beitrag \u203a<\/a>\n                        <\/div>\n                                            <div class=\"box-item\">\n                            <div class=\"box-date\">3. March 2026| Interview<\/div>\n                            <h3><a href=\"https:\/\/www.fr.de\/kultur\/gesellschaft\/ein-angriffskrieg-bleibt-ein-angriffskrieg-trotz-tyrannei-94195978.html\">Konfliktforscherin Nicole Deitelhoff: \u201eEin Angriffskrieg bleibt ein Angriffskrieg\u201c<\/a><\/h3>\n                                                            <p>Die Friedens- und Konfliktforscherin Nicole Deitelhoff \u00fcber die Erosion der internationalen Ordnung, den v\u00f6lkerrechtswidrigen Krieg der USA und Israels gegen den Iran und Illusionen \u00fcber einen Regimewechsel. (Frankfurter Rundschau)<\/p>\n                                                        <a class=\"box-link\" href=\"https:\/\/www.fr.de\/kultur\/gesellschaft\/ein-angriffskrieg-bleibt-ein-angriffskrieg-trotz-tyrannei-94195978.html\">zum Beitrag \u203a<\/a>\n                        <\/div>\n                                            <div class=\"box-item\">\n                            <div class=\"box-date\">20. February 2026| Interview<\/div>\n                            <h3><a href=\"https:\/\/www.n-tv.de\/politik\/Beim-Feindbild-der-CDU-hat-sich-etwas-verschoben-id30380406.html\">Konservative brauchen Gegner. Beim Feindbild der CDU &#8220;hat sich etwas verschoben&#8221;<\/a><\/h3>\n                                                            <p>Der Politikwissenschaftler Thomas Biebricher rechnet damit, dass der Streit um die &#8220;Lifestyle-Teilzeit&#8221; auf dem CDU-Parteitag zumindest im Hintergrund eine Rolle spielen wird. (ntv)<\/p>\n                                                        <a class=\"box-link\" href=\"https:\/\/www.n-tv.de\/politik\/Beim-Feindbild-der-CDU-hat-sich-etwas-verschoben-id30380406.html\">zum Beitrag \u203a<\/a>\n                        <\/div>\n                                            <div class=\"box-item\">\n                            <div class=\"box-date\">29. January 2026| Podcast<\/div>\n                            <h3><a href=\"https:\/\/www.deutschlandfunknova.de\/beitrag\/ableismus-und-philosophie-behindertenfeindliches-denken-hat-tradition\">Ableismus und Philosophie. Behindertenfeindliches Denken hat Tradition<\/a><\/h3>\n                                                            <p>Die Philosophie ignoriert Menschen mit &#8220;Behinderung&#8221; oder wertet sie ab, sagt Regina Schidel.\nDie Philosophin analysiert in ihrem Vortrag diese Diskriminierung in unserer Denktradition und\nzeigt Wege zu einer nicht-ableistischen Gesellschaft auf. (Deutschlandfunk Nova)<\/p>\n                                                        <a class=\"box-link\" href=\"https:\/\/www.deutschlandfunknova.de\/beitrag\/ableismus-und-philosophie-behindertenfeindliches-denken-hat-tradition\">zum Beitrag \u203a<\/a>\n                        <\/div>\n                                    <\/div>\n                    \n    <\/div>\n\n<div class=\"pagination js-paged-medienecho\"><span aria-current=\"page\" class=\"page-numbers current\">1<\/span>\n<a class=\"page-numbers\" href=\"?paged=2\">2<\/a>\n<a class=\"page-numbers\" href=\"?paged=3\">3<\/a>\n<a class=\"page-numbers\" href=\"?paged=4\">4<\/a>\n<span class=\"page-numbers dots\">&hellip;<\/span>\n<a class=\"page-numbers\" href=\"?paged=11\">11<\/a><\/div>\n            <\/div>\n        <\/section>\n    ","protected":false},"excerpt":{"rendered":"","protected":false},"author":2,"featured_media":0,"parent":0,"menu_order":0,"comment_status":"closed","ping_status":"closed","template":"","meta":{"inline_featured_image":false,"footnotes":"","_links_to":"","_links_to_target":""},"class_list":["post-7026","page","type-page","status-publish","hentry"],"acf":[],"_links":{"self":[{"href":"https:\/\/normativeorders.net\/en\/wp-json\/wp\/v2\/pages\/7026"}],"collection":[{"href":"https:\/\/normativeorders.net\/en\/wp-json\/wp\/v2\/pages"}],"about":[{"href":"https:\/\/normativeorders.net\/en\/wp-json\/wp\/v2\/types\/page"}],"author":[{"embeddable":true,"href":"https:\/\/normativeorders.net\/en\/wp-json\/wp\/v2\/users\/2"}],"replies":[{"embeddable":true,"href":"https:\/\/normativeorders.net\/en\/wp-json\/wp\/v2\/comments?post=7026"}],"version-history":[{"count":5,"href":"https:\/\/normativeorders.net\/en\/wp-json\/wp\/v2\/pages\/7026\/revisions"}],"predecessor-version":[{"id":7843,"href":"https:\/\/normativeorders.net\/en\/wp-json\/wp\/v2\/pages\/7026\/revisions\/7843"}],"wp:attachment":[{"href":"https:\/\/normativeorders.net\/en\/wp-json\/wp\/v2\/media?parent=7026"}],"curies":[{"name":"wp","href":"https:\/\/api.w.org\/{rel}","templated":true}]}}