{"id":6869,"date":"2024-11-19T11:13:37","date_gmt":"2024-11-19T10:13:37","guid":{"rendered":"https:\/\/reverent-antonelli.23-88-7-78.plesk.page\/roemerberg-talks\/"},"modified":"2025-06-02T15:34:22","modified_gmt":"2025-06-02T13:34:22","slug":"roemerberg-talks","status":"publish","type":"page","link":"https:\/\/normativeorders.net\/en\/roemerberg-talks\/","title":{"rendered":"R\u00f6merberggespr\u00e4che"},"content":{"rendered":"\n<script data-js='tribe-events-view-nonce-data' type='application\/json'>{\"_tec_view_rest_nonce_primary\":\"0a4dc3d0e5\",\"_tec_view_rest_nonce_secondary\":\"\"}<\/script>\n\n<div class=\"wp-block-buttons is-content-justification-left is-layout-flex wp-container-core-buttons-is-layout-1 wp-block-buttons-is-layout-flex\">\n<div class=\"wp-block-button\"><a class=\"wp-block-button__link has-text-align-center wp-element-button\" href=\"https:\/\/normativeorders.net\/veranstaltungen\/Liste\/?tribe_eventcategory%5B0%5D=112\">Next events<\/a><\/div>\n\n\n\n<div class=\"wp-block-button\"><a class=\"wp-block-button__link wp-element-button\" href=\"https:\/\/normativeorders.net\/veranstaltungen\/Liste\/?tribe_eventcategory%5B0%5D=112&amp;eventDisplay=past\">Past events<\/a><\/div>\n<\/div>\n\n<div class=\"wp-block-columns is-layout-flex wp-container-core-columns-is-layout-1 wp-block-columns-is-layout-flex\">\n<div class=\"wp-block-column is-layout-flow wp-block-column-is-layout-flow\" style=\"flex-basis:66.66%\">\n<p>The &#8220;R\u00f6merberggespr\u00e4che&#8221; in Frankfurt am Main have been held in uninterrupted succession since 1973. Due to their organization, their tradition and their charisma, they can hardly be compared to any other series of talks in Germany. These are expert talks for an interested urban public: scientists, essayists and artists discuss the political, cultural and intellectual topics of society in lectures, dialogues and discussion rounds. They present important research results and provide an outlook on future processes.<\/p>\n\n\n\n<p><br \/>The aim of the &#8220;R\u00f6merberggespr\u00e4che&#8221; is to strengthen our civil society and its willingness to engage in discussion. They are not bound by party politics and see themselves as an independent forum without a client. They were held for many years in the R\u00f6mer, Frankfurt&#8217;s city parliament, then for several years in Frankfurt&#8217;s Paulskirche and are now a welcome guest at Schauspiel Frankfurt.  <\/p>\n\n\n\n<p><br \/>The Research Centre Normative Orders of Goethe University Frankfurt am Main has been a cooperation partner since spring 2018.<\/p>\n\n\n\n<p><\/p>\n<\/div>\n\n\n\n<div class=\"wp-block-column is-vertically-aligned-center is-layout-flow wp-block-column-is-layout-flow\" style=\"flex-basis:33.33%\"><div class=\"wp-block-image\">\n<figure class=\"aligncenter size-large\"><img loading=\"lazy\" decoding=\"async\" width=\"1024\" height=\"576\" src=\"https:\/\/normativeorders.net\/wp-content\/uploads\/2024\/12\/roemerberggespraeche-header-1024x576.jpg\" alt=\"\" class=\"wp-image-4270\" srcset=\"https:\/\/normativeorders.net\/wp-content\/uploads\/2024\/12\/roemerberggespraeche-header-1024x576.jpg 1024w, https:\/\/normativeorders.net\/wp-content\/uploads\/2024\/12\/roemerberggespraeche-header-300x169.jpg 300w, https:\/\/normativeorders.net\/wp-content\/uploads\/2024\/12\/roemerberggespraeche-header-768x432.jpg 768w, https:\/\/normativeorders.net\/wp-content\/uploads\/2024\/12\/roemerberggespraeche-header-1536x864.jpg 1536w, https:\/\/normativeorders.net\/wp-content\/uploads\/2024\/12\/roemerberggespraeche-header-2048x1152.jpg 2048w\" sizes=\"(max-width: 1024px) 100vw, 1024px\" \/><\/figure><\/div><\/div>\n<\/div>\n\n<h3 class=\"wp-block-heading\">Impressions of the R\u00f6merberg Talks<\/h3>\n\n<figure class=\"wp-block-gallery has-nested-images columns-3 wp-block-gallery-1 is-layout-flex wp-block-gallery-is-layout-flex\">\n<figure class=\"wp-block-image size-large\"><a href=\"https:\/\/normativeorders.net\/wp-content\/uploads\/2025\/01\/2023_53-Roemerberggespraeche-158-scaled.jpg\"><img loading=\"lazy\" decoding=\"async\" width=\"1024\" height=\"683\" data-id=\"4873\" src=\"https:\/\/normativeorders.net\/wp-content\/uploads\/2025\/01\/2023_53-Roemerberggespraeche-158-1024x683.jpg\" alt=\"\" class=\"wp-image-4873\" srcset=\"https:\/\/normativeorders.net\/wp-content\/uploads\/2025\/01\/2023_53-Roemerberggespraeche-158-1024x683.jpg 1024w, https:\/\/normativeorders.net\/wp-content\/uploads\/2025\/01\/2023_53-Roemerberggespraeche-158-300x200.jpg 300w, https:\/\/normativeorders.net\/wp-content\/uploads\/2025\/01\/2023_53-Roemerberggespraeche-158-768x512.jpg 768w, https:\/\/normativeorders.net\/wp-content\/uploads\/2025\/01\/2023_53-Roemerberggespraeche-158-1536x1024.jpg 1536w, https:\/\/normativeorders.net\/wp-content\/uploads\/2025\/01\/2023_53-Roemerberggespraeche-158-2048x1365.jpg 2048w\" sizes=\"(max-width: 1024px) 100vw, 1024px\" \/><\/a><figcaption class=\"wp-element-caption\">Simone Dede Ayivi, Hadija Haruna-Oelker and Meron Mendel 2023<\/figcaption><\/figure>\n\n\n\n<figure class=\"wp-block-image size-large\"><a href=\"https:\/\/normativeorders.net\/wp-content\/uploads\/2024\/12\/DSC_0106-scaled.jpg\"><img loading=\"lazy\" decoding=\"async\" width=\"1024\" height=\"678\" data-id=\"4538\" src=\"https:\/\/normativeorders.net\/wp-content\/uploads\/2024\/12\/DSC_0106-1024x678.jpg\" alt=\"\" class=\"wp-image-4538\" srcset=\"https:\/\/normativeorders.net\/wp-content\/uploads\/2024\/12\/DSC_0106-1024x678.jpg 1024w, https:\/\/normativeorders.net\/wp-content\/uploads\/2024\/12\/DSC_0106-300x199.jpg 300w, https:\/\/normativeorders.net\/wp-content\/uploads\/2024\/12\/DSC_0106-768x509.jpg 768w, https:\/\/normativeorders.net\/wp-content\/uploads\/2024\/12\/DSC_0106-1536x1017.jpg 1536w, https:\/\/normativeorders.net\/wp-content\/uploads\/2024\/12\/DSC_0106-2048x1356.jpg 2048w\" sizes=\"(max-width: 1024px) 100vw, 1024px\" \/><\/a><figcaption class=\"wp-element-caption\">Nicole Deitelhoff at the R\u00f6merberg Talks in fall 2022.<\/figcaption><\/figure>\n\n\n\n<figure class=\"wp-block-image size-large\"><a href=\"https:\/\/normativeorders.net\/wp-content\/uploads\/2025\/01\/2023_53-Roemerberggespraeche-12-scaled.jpg\"><img loading=\"lazy\" decoding=\"async\" width=\"1024\" height=\"683\" data-id=\"4870\" src=\"https:\/\/normativeorders.net\/wp-content\/uploads\/2025\/01\/2023_53-Roemerberggespraeche-12-1024x683.jpg\" alt=\"\" class=\"wp-image-4870\" srcset=\"https:\/\/normativeorders.net\/wp-content\/uploads\/2025\/01\/2023_53-Roemerberggespraeche-12-1024x683.jpg 1024w, https:\/\/normativeorders.net\/wp-content\/uploads\/2025\/01\/2023_53-Roemerberggespraeche-12-300x200.jpg 300w, https:\/\/normativeorders.net\/wp-content\/uploads\/2025\/01\/2023_53-Roemerberggespraeche-12-768x512.jpg 768w, https:\/\/normativeorders.net\/wp-content\/uploads\/2025\/01\/2023_53-Roemerberggespraeche-12-1536x1024.jpg 1536w, https:\/\/normativeorders.net\/wp-content\/uploads\/2025\/01\/2023_53-Roemerberggespraeche-12-2048x1365.jpg 2048w\" sizes=\"(max-width: 1024px) 100vw, 1024px\" \/><\/a><figcaption class=\"wp-element-caption\">Presenter Alf Mentzer 2023<\/figcaption><\/figure>\n\n\n\n<figure class=\"wp-block-image size-large\"><a href=\"https:\/\/normativeorders.net\/wp-content\/uploads\/2024\/12\/roemer5.jpg\"><img loading=\"lazy\" decoding=\"async\" width=\"1024\" height=\"678\" data-id=\"4519\" src=\"https:\/\/normativeorders.net\/wp-content\/uploads\/2024\/12\/roemer5-1024x678.jpg\" alt=\"\" class=\"wp-image-4519\" srcset=\"https:\/\/normativeorders.net\/wp-content\/uploads\/2024\/12\/roemer5-1024x678.jpg 1024w, https:\/\/normativeorders.net\/wp-content\/uploads\/2024\/12\/roemer5-300x199.jpg 300w, https:\/\/normativeorders.net\/wp-content\/uploads\/2024\/12\/roemer5-768x509.jpg 768w, https:\/\/normativeorders.net\/wp-content\/uploads\/2024\/12\/roemer5-1536x1018.jpg 1536w, https:\/\/normativeorders.net\/wp-content\/uploads\/2024\/12\/roemer5.jpg 2000w\" sizes=\"(max-width: 1024px) 100vw, 1024px\" \/><\/a><figcaption class=\"wp-element-caption\">Gina Wollinger, Thomas Hestermann and Hadija Haruna-Oelker at the R\u00f6merberg Talks in December 2024.<\/figcaption><\/figure>\n\n\n\n<figure class=\"wp-block-image size-large\"><a href=\"https:\/\/normativeorders.net\/wp-content\/uploads\/2024\/12\/roemer2.jpg\"><img loading=\"lazy\" decoding=\"async\" width=\"1024\" height=\"678\" data-id=\"4506\" src=\"https:\/\/normativeorders.net\/wp-content\/uploads\/2024\/12\/roemer2-1024x678.jpg\" alt=\"\" class=\"wp-image-4506\" srcset=\"https:\/\/normativeorders.net\/wp-content\/uploads\/2024\/12\/roemer2-1024x678.jpg 1024w, https:\/\/normativeorders.net\/wp-content\/uploads\/2024\/12\/roemer2-300x199.jpg 300w, https:\/\/normativeorders.net\/wp-content\/uploads\/2024\/12\/roemer2-768x509.jpg 768w, https:\/\/normativeorders.net\/wp-content\/uploads\/2024\/12\/roemer2-1536x1018.jpg 1536w, https:\/\/normativeorders.net\/wp-content\/uploads\/2024\/12\/roemer2.jpg 2000w\" sizes=\"(max-width: 1024px) 100vw, 1024px\" \/><\/a><figcaption class=\"wp-element-caption\">Volker Heins and Hadija Haruna-Oelker at the R\u00f6merberg Talks on December 7, 2024.<\/figcaption><\/figure>\n<\/figure>\n\n<h3 class=\"wp-block-heading\">Recordings of the &#8220;R\u00f6merberggespr\u00e4che&#8221;<\/h3>\n<div class=\"wp-block-aiovg-videos\">\r\n<div id=\"aiovg-69ebaf37512261\" class=\"aiovg aiovg-videos aiovg-videos-template-classic\">\r\n        \r\n    <!-- Videos -->\r\n    <div class=\"aiovg-section-videos aiovg-grid aiovg-row\">   \r\n                    \r\n            <div class=\"aiovg-item-video aiovg-item-video-11985 aiovg-col aiovg-col-3 aiovg-col-xs-2\" data-id=\"11985\">\r\n                \n<div class=\"aiovg-thumbnail aiovg-thumbnail-style-image-top\">\n    <a href=\"https:\/\/normativeorders.net\/en\/video\/till-van-rahden-die-wehrpflicht-als-demokratische-tugend-eine-geschichte-die-auch-vom-tod-spricht\/\" class=\"aiovg-responsive-container\" style=\"padding-bottom: 40%;\"><img decoding=\"async\" src=\"https:\/\/img.youtube.com\/vi\/bb8r4VkJ-rE\/maxresdefault.jpg\" alt=\"Till van Rahden: \u201eDie Wehrpflicht als demokratische Tugend? Eine Geschichte, die auch vom Tod spricht\u201c\" class=\"aiovg-responsive-element\"\/><svg xmlns=\"http:\/\/www.w3.org\/2000\/svg\" fill=\"white\" width=\"40\" height=\"40\" viewBox=\"0 0 24 24\" class=\"aiovg-svg-icon-play aiovg-flex-shrink-0\">\n            <path fill-rule=\"evenodd\" d=\"M2.25 12c0-5.385 4.365-9.75 9.75-9.75s9.75 4.365 9.75 9.75-4.365 9.75-9.75 9.75S2.25 17.385 2.25 12Zm14.024-.983a1.125 1.125 0 0 1 0 1.966l-5.603 3.113A1.125 1.125 0 0 1 9 15.113V8.887c0-.857.921-1.4 1.671-.983l5.603 3.113Z\" clip-rule=\"evenodd\" \/>\n        <\/svg><\/a> \n    <div class=\"aiovg-caption\">\n                    <div class=\"aiovg-title\">\n                <a href=\"https:\/\/normativeorders.net\/en\/video\/till-van-rahden-die-wehrpflicht-als-demokratische-tugend-eine-geschichte-die-auch-vom-tod-spricht\/\" class=\"aiovg-link-title\">Till van Rahden: \u201eDie Wehrpflicht als demokratische Tugend? Eine Geschichte, die auch vom Tod spricht\u201c<\/a>            <\/div>\n        \n        \n               \n        \n        \n               \n\n         \n        \n            <\/div>    \n<\/div>            \r\n            <\/div>                \r\n                        \r\n            <div class=\"aiovg-item-video aiovg-item-video-11984 aiovg-col aiovg-col-3 aiovg-col-xs-2\" data-id=\"11984\">\r\n                \n<div class=\"aiovg-thumbnail aiovg-thumbnail-style-image-top\">\n    <a href=\"https:\/\/normativeorders.net\/en\/video\/barbara-mittelhammer-sicherheitspolitik-neu-denken-feministische-perspektiven-jenseits-der-wehrpflicht\/\" class=\"aiovg-responsive-container\" style=\"padding-bottom: 40%;\"><img decoding=\"async\" src=\"https:\/\/img.youtube.com\/vi\/ZBaCIJhwHoY\/maxresdefault.jpg\" alt=\"Barbara Mittelhammer: \u201eSicherheitspolitik neu denken: Feministische Perspektiven jenseits der Wehrpflicht\u201c\" class=\"aiovg-responsive-element\"\/><svg xmlns=\"http:\/\/www.w3.org\/2000\/svg\" fill=\"white\" width=\"40\" height=\"40\" viewBox=\"0 0 24 24\" class=\"aiovg-svg-icon-play aiovg-flex-shrink-0\">\n            <path fill-rule=\"evenodd\" d=\"M2.25 12c0-5.385 4.365-9.75 9.75-9.75s9.75 4.365 9.75 9.75-4.365 9.75-9.75 9.75S2.25 17.385 2.25 12Zm14.024-.983a1.125 1.125 0 0 1 0 1.966l-5.603 3.113A1.125 1.125 0 0 1 9 15.113V8.887c0-.857.921-1.4 1.671-.983l5.603 3.113Z\" clip-rule=\"evenodd\" \/>\n        <\/svg><\/a> \n    <div class=\"aiovg-caption\">\n                    <div class=\"aiovg-title\">\n                <a href=\"https:\/\/normativeorders.net\/en\/video\/barbara-mittelhammer-sicherheitspolitik-neu-denken-feministische-perspektiven-jenseits-der-wehrpflicht\/\" class=\"aiovg-link-title\">Barbara Mittelhammer: \u201eSicherheitspolitik neu denken: Feministische Perspektiven jenseits der Wehrpflicht\u201c<\/a>            <\/div>\n        \n        \n               \n        \n        \n               \n\n         \n        \n            <\/div>    \n<\/div>            \r\n            <\/div>                \r\n                        \r\n            <div class=\"aiovg-item-video aiovg-item-video-11983 aiovg-col aiovg-col-3 aiovg-col-xs-2\" data-id=\"11983\">\r\n                \n<div class=\"aiovg-thumbnail aiovg-thumbnail-style-image-top\">\n    <a href=\"https:\/\/normativeorders.net\/en\/video\/daniel-hornuff-medienmanoever-die-bundeswehr-und-ihre-bilder\/\" class=\"aiovg-responsive-container\" style=\"padding-bottom: 40%;\"><img decoding=\"async\" src=\"https:\/\/img.youtube.com\/vi\/mWQCbtsGqbM\/maxresdefault.jpg\" alt=\"Daniel Hornuff: \u201eMedienman\u00f6ver. Die Bundeswehr und ihre Bilder\u201c\" class=\"aiovg-responsive-element\"\/><svg xmlns=\"http:\/\/www.w3.org\/2000\/svg\" fill=\"white\" width=\"40\" height=\"40\" viewBox=\"0 0 24 24\" class=\"aiovg-svg-icon-play aiovg-flex-shrink-0\">\n            <path fill-rule=\"evenodd\" d=\"M2.25 12c0-5.385 4.365-9.75 9.75-9.75s9.75 4.365 9.75 9.75-4.365 9.75-9.75 9.75S2.25 17.385 2.25 12Zm14.024-.983a1.125 1.125 0 0 1 0 1.966l-5.603 3.113A1.125 1.125 0 0 1 9 15.113V8.887c0-.857.921-1.4 1.671-.983l5.603 3.113Z\" clip-rule=\"evenodd\" \/>\n        <\/svg><\/a> \n    <div class=\"aiovg-caption\">\n                    <div class=\"aiovg-title\">\n                <a href=\"https:\/\/normativeorders.net\/en\/video\/daniel-hornuff-medienmanoever-die-bundeswehr-und-ihre-bilder\/\" class=\"aiovg-link-title\">Daniel Hornuff: \u201eMedienman\u00f6ver. Die Bundeswehr und ihre Bilder\u201c<\/a>            <\/div>\n        \n        \n               \n        \n        \n               \n\n         \n        \n            <\/div>    \n<\/div>            \r\n            <\/div>                \r\n                        \r\n            <div class=\"aiovg-item-video aiovg-item-video-11972 aiovg-col aiovg-col-3 aiovg-col-xs-2\" data-id=\"11972\">\r\n                \n<div class=\"aiovg-thumbnail aiovg-thumbnail-style-image-top\">\n    <a href=\"https:\/\/normativeorders.net\/en\/video\/hendrik-simon-wozu-pazifismus-eine-moderne-geschichte-der-kriegskritik\/\" class=\"aiovg-responsive-container\" style=\"padding-bottom: 40%;\"><img decoding=\"async\" src=\"https:\/\/img.youtube.com\/vi\/Q3m-yuIRK8g\/maxresdefault.jpg\" alt=\"Hendrik Simon: \u201eWozu Pazifismus? Eine moderne Geschichte der Kriegskritik\u201c\" class=\"aiovg-responsive-element\"\/><svg xmlns=\"http:\/\/www.w3.org\/2000\/svg\" fill=\"white\" width=\"40\" height=\"40\" viewBox=\"0 0 24 24\" class=\"aiovg-svg-icon-play aiovg-flex-shrink-0\">\n            <path fill-rule=\"evenodd\" d=\"M2.25 12c0-5.385 4.365-9.75 9.75-9.75s9.75 4.365 9.75 9.75-4.365 9.75-9.75 9.75S2.25 17.385 2.25 12Zm14.024-.983a1.125 1.125 0 0 1 0 1.966l-5.603 3.113A1.125 1.125 0 0 1 9 15.113V8.887c0-.857.921-1.4 1.671-.983l5.603 3.113Z\" clip-rule=\"evenodd\" \/>\n        <\/svg><\/a> \n    <div class=\"aiovg-caption\">\n                    <div class=\"aiovg-title\">\n                <a href=\"https:\/\/normativeorders.net\/en\/video\/hendrik-simon-wozu-pazifismus-eine-moderne-geschichte-der-kriegskritik\/\" class=\"aiovg-link-title\">Hendrik Simon: \u201eWozu Pazifismus? Eine moderne Geschichte der Kriegskritik\u201c<\/a>            <\/div>\n        \n        \n               \n        \n        \n               \n\n         \n        \n            <\/div>    \n<\/div>            \r\n            <\/div>                \r\n                        \r\n            <div class=\"aiovg-item-video aiovg-item-video-11963 aiovg-col aiovg-col-3 aiovg-col-xs-2\" data-id=\"11963\">\r\n                \n<div class=\"aiovg-thumbnail aiovg-thumbnail-style-image-top\">\n    <a href=\"https:\/\/normativeorders.net\/en\/video\/heiko-biehl-und-ole-nymoen-und-taeglich-gruesst-die-wehrpflicht-unumgaenglich-oder-unsinnig\/\" class=\"aiovg-responsive-container\" style=\"padding-bottom: 40%;\"><img decoding=\"async\" src=\"https:\/\/img.youtube.com\/vi\/Bc5eNnSXVeY\/maxresdefault.jpg\" alt=\"Heiko Biehl und Ole Nymoen: \u201eUnd t\u00e4glich gr\u00fc\u00dft die Wehrpflicht \u2013 unumg\u00e4nglich oder unsinnig?\u201c\" class=\"aiovg-responsive-element\"\/><svg xmlns=\"http:\/\/www.w3.org\/2000\/svg\" fill=\"white\" width=\"40\" height=\"40\" viewBox=\"0 0 24 24\" class=\"aiovg-svg-icon-play aiovg-flex-shrink-0\">\n            <path fill-rule=\"evenodd\" d=\"M2.25 12c0-5.385 4.365-9.75 9.75-9.75s9.75 4.365 9.75 9.75-4.365 9.75-9.75 9.75S2.25 17.385 2.25 12Zm14.024-.983a1.125 1.125 0 0 1 0 1.966l-5.603 3.113A1.125 1.125 0 0 1 9 15.113V8.887c0-.857.921-1.4 1.671-.983l5.603 3.113Z\" clip-rule=\"evenodd\" \/>\n        <\/svg><\/a> \n    <div class=\"aiovg-caption\">\n                    <div class=\"aiovg-title\">\n                <a href=\"https:\/\/normativeorders.net\/en\/video\/heiko-biehl-und-ole-nymoen-und-taeglich-gruesst-die-wehrpflicht-unumgaenglich-oder-unsinnig\/\" class=\"aiovg-link-title\">Heiko Biehl und Ole Nymoen: \u201eUnd t\u00e4glich gr\u00fc\u00dft die Wehrpflicht \u2013 unumg\u00e4nglich oder unsinnig?\u201c<\/a>            <\/div>\n        \n        \n               \n        \n        \n               \n\n         \n        \n            <\/div>    \n<\/div>            \r\n            <\/div>                \r\n                        \r\n            <div class=\"aiovg-item-video aiovg-item-video-11961 aiovg-col aiovg-col-3 aiovg-col-xs-2\" data-id=\"11961\">\r\n                \n<div class=\"aiovg-thumbnail aiovg-thumbnail-style-image-top\">\n    <a href=\"https:\/\/normativeorders.net\/en\/video\/wehrhafte-demokratie-grundgesetz-und-neue-wehrpflicht\/\" class=\"aiovg-responsive-container\" style=\"padding-bottom: 40%;\"><img decoding=\"async\" src=\"https:\/\/img.youtube.com\/vi\/BwbgoackGaI\/maxresdefault.jpg\" alt=\"Ferdinand Weber: \u201eWehrhafte Demokratie: Grundgesetz und neue Wehrpflicht\u201c\" class=\"aiovg-responsive-element\"\/><svg xmlns=\"http:\/\/www.w3.org\/2000\/svg\" fill=\"white\" width=\"40\" height=\"40\" viewBox=\"0 0 24 24\" class=\"aiovg-svg-icon-play aiovg-flex-shrink-0\">\n            <path fill-rule=\"evenodd\" d=\"M2.25 12c0-5.385 4.365-9.75 9.75-9.75s9.75 4.365 9.75 9.75-4.365 9.75-9.75 9.75S2.25 17.385 2.25 12Zm14.024-.983a1.125 1.125 0 0 1 0 1.966l-5.603 3.113A1.125 1.125 0 0 1 9 15.113V8.887c0-.857.921-1.4 1.671-.983l5.603 3.113Z\" clip-rule=\"evenodd\" \/>\n        <\/svg><\/a> \n    <div class=\"aiovg-caption\">\n                    <div class=\"aiovg-title\">\n                <a href=\"https:\/\/normativeorders.net\/en\/video\/wehrhafte-demokratie-grundgesetz-und-neue-wehrpflicht\/\" class=\"aiovg-link-title\">Ferdinand Weber: \u201eWehrhafte Demokratie: Grundgesetz und neue Wehrpflicht\u201c<\/a>            <\/div>\n        \n        \n               \n        \n        \n               \n\n         \n        \n            <\/div>    \n<\/div>            \r\n            <\/div>                \r\n                <\/div>\r\n    \r\n    <aiovg-pagination class=\"aiovg-pagination aiovg-text-center\"><div class=\"aiovg-pagination-links\"><span aria-current=\"page\" class=\"page-numbers current\">1<\/span><a class=\"page-numbers\" href=\"https:\/\/normativeorders.net\/en\/wp-json\/wp\/v2\/pages\/6869\/page\/2\">2<\/a><a class=\"page-numbers\" href=\"https:\/\/normativeorders.net\/en\/wp-json\/wp\/v2\/pages\/6869\/page\/3\">3<\/a><span class=\"page-numbers dots\">&hellip;<\/span><a class=\"page-numbers\" href=\"https:\/\/normativeorders.net\/en\/wp-json\/wp\/v2\/pages\/6869\/page\/12\">12<\/a><a class=\"next page-numbers\" href=\"https:\/\/normativeorders.net\/en\/wp-json\/wp\/v2\/pages\/6869\/page\/2\">&raquo;<\/a><\/div><div class=\"aiovg-pagination-info aiovg-text-muted aiovg-text-small\">Page 1 of 12<\/div><\/aiovg-pagination><\/div><\/div>","protected":false},"excerpt":{"rendered":"<p>The &#8220;R\u00f6merberggespr\u00e4che&#8221; in Frankfurt am Main have been held in uninterrupted succession since 1973. Due to their organization, their tradition and their charisma, they can hardly be compared to any [&hellip;]<\/p>\n","protected":false},"author":6,"featured_media":0,"parent":0,"menu_order":0,"comment_status":"closed","ping_status":"closed","template":"templates\/text_content.php","meta":{"inline_featured_image":false,"footnotes":"","_links_to":"","_links_to_target":""},"class_list":["post-6869","page","type-page","status-publish","hentry"],"acf":[],"_links":{"self":[{"href":"https:\/\/normativeorders.net\/en\/wp-json\/wp\/v2\/pages\/6869"}],"collection":[{"href":"https:\/\/normativeorders.net\/en\/wp-json\/wp\/v2\/pages"}],"about":[{"href":"https:\/\/normativeorders.net\/en\/wp-json\/wp\/v2\/types\/page"}],"author":[{"embeddable":true,"href":"https:\/\/normativeorders.net\/en\/wp-json\/wp\/v2\/users\/6"}],"replies":[{"embeddable":true,"href":"https:\/\/normativeorders.net\/en\/wp-json\/wp\/v2\/comments?post=6869"}],"version-history":[{"count":26,"href":"https:\/\/normativeorders.net\/en\/wp-json\/wp\/v2\/pages\/6869\/revisions"}],"predecessor-version":[{"id":10492,"href":"https:\/\/normativeorders.net\/en\/wp-json\/wp\/v2\/pages\/6869\/revisions\/10492"}],"wp:attachment":[{"href":"https:\/\/normativeorders.net\/en\/wp-json\/wp\/v2\/media?parent=6869"}],"curies":[{"name":"wp","href":"https:\/\/api.w.org\/{rel}","templated":true}]}}