{"id":277,"date":"2024-03-05T20:58:07","date_gmt":"2024-03-05T19:58:07","guid":{"rendered":"https:\/\/contrust-2132.demosrv.dev\/?page_id=277"},"modified":"2025-05-29T10:41:05","modified_gmt":"2025-05-29T08:41:05","slug":"aktuelles","status":"publish","type":"page","link":"https:\/\/normativeorders.net\/en\/aktuelles\/","title":{"rendered":"Latest news"},"content":{"rendered":"            \n        <section class=\"news-page\">\n            <div class=\"container\">\n                                <div class=\"block-filter-wrap\">\n                    <div class=\"block-filter\" data-numberposts=\"12\">\n                        <a class=\"box-category active js-filter-actuelles\" href=\"#\" data-type=\"all\">All<\/a>\n                        <a class=\"box-category js-filter-actuelles\" href=\"#\" data-type=\"tribe_events\">Event<\/a>\n                        <a class=\"box-category js-filter-actuelles\" href=\"#\" data-type=\"publikation\">Publication<\/a>\n                        <a class=\"box-category js-filter-actuelles\" href=\"#\" data-type=\"news\">News<\/a>\n                    <\/div>\n                <\/div>\n\n                <div class=\"grid-news\">\n    <div class=\"grid-sizer\"><\/div>\n                <div class=\"grid-item\">\n                \n<div class=\"box-card\">\n                <div class=\"box-category box-category--veranstaltung\">Event<\/div>\n                                <div class=\"box-img\">\n                        <img decoding=\"async\" src=\"https:\/\/normativeorders.net\/wp-content\/uploads\/2026\/04\/WDC-Meinungsfreiheit-Bildmarke.jpg\" class=\"attachment-full size-full wp-post-image\" alt=\"\" srcset=\"https:\/\/normativeorders.net\/wp-content\/uploads\/2026\/04\/WDC-Meinungsfreiheit-Bildmarke.jpg 605w, https:\/\/normativeorders.net\/wp-content\/uploads\/2026\/04\/WDC-Meinungsfreiheit-Bildmarke-300x172.jpg 300w\" sizes=\"(max-width: 605px) 100vw, 605px\" \/>                    <\/div>\n                                        <div class=\"box-date\">04.05.2026 | Frankfurt<\/div>\n            <h3><a href=\"https:\/\/normativeorders.net\/en\/veranstaltungen\/meinungsfreiheit-meinungsvielfalt-und-verantwortung-fuer-die-demokratie-wie-gestalten-medien-neue-raeume-fuer-debatten-und-teilhabe\/\">Meinungsfreiheit, Meinungsvielfalt und Verantwortung f\u00fcr die Demokratie: Wie gestalten Medien neue R\u00e4ume f\u00fcr Debatten und Teilhabe?<\/a><\/h3>\n                            <div class=\"box-type\">Podiumsdiskussion<\/div>\n                                        <p>Im Rahmen der Woche der Meinungsfreiheit 2026 laden die World Design Capital Frankfurt RheinMain 2026 in Kooperation mit dem B\u00f6rsenverein des Deutschen Buchhandels, dem Hessischen Rundfunk, der Stiftung Polytechnische Gesellschaft und dem Forschungszentrum Normative Ordnungen der Goethe-Universit\u00e4t herzlich zu einer Diskussionsveranstaltung am 4. Mai 2026 in den WDC-Hub im Museum Angewandte Kunst Frankfurt ein.<\/p>\n                        \n    <a class=\"box-link\" href=\"https:\/\/normativeorders.net\/en\/veranstaltungen\/meinungsfreiheit-meinungsvielfalt-und-verantwortung-fuer-die-demokratie-wie-gestalten-medien-neue-raeume-fuer-debatten-und-teilhabe\/\">more information \u203a<\/a>\n<\/div>\n            <\/div>\n                    <div class=\"grid-item\">\n                \n<div class=\"box-card\">\n                <div class=\"box-category box-category--veranstaltung\">Event<\/div>\n                                <div class=\"box-img\">\n                        <img decoding=\"async\" src=\"https:\/\/normativeorders.net\/wp-content\/uploads\/2026\/03\/Frankfurter-Schule_Koch.png\" class=\"attachment-full size-full wp-post-image\" alt=\"\" srcset=\"https:\/\/normativeorders.net\/wp-content\/uploads\/2026\/03\/Frankfurter-Schule_Koch.png 7063w, https:\/\/normativeorders.net\/wp-content\/uploads\/2026\/03\/Frankfurter-Schule_Koch-212x300.png 212w, https:\/\/normativeorders.net\/wp-content\/uploads\/2026\/03\/Frankfurter-Schule_Koch-725x1024.png 725w, https:\/\/normativeorders.net\/wp-content\/uploads\/2026\/03\/Frankfurter-Schule_Koch-768x1085.png 768w, https:\/\/normativeorders.net\/wp-content\/uploads\/2026\/03\/Frankfurter-Schule_Koch-1087x1536.png 1087w\" sizes=\"(max-width: 7063px) 100vw, 7063px\" \/>                    <\/div>\n                                        <div class=\"box-date\">29.04.2026 | Frankfurt am Main<\/div>\n            <h3><a href=\"https:\/\/normativeorders.net\/en\/veranstaltungen\/kulturindustrie-heute\/\">Kulturindustrie heute?<\/a><\/h3>\n                            <div class=\"box-type\">Podiumsdiskussion<\/div>\n                                        <p>Das Gespr\u00e4ch \u201eKulturindustrie heute?\u201c widmet sich der Aktualit\u00e4t und Tragf\u00e4higkeit eines zentralen Begriffs der Kritischen Theorie. Die Filmwissenschaftlerin Gertrud Koch diskutiert im Rahmen der Gespr\u00e4chsreihe &#8220;Frankfurter Schule&#8221; mit dem Filmkritiker Bert Rebhandl die gegenw\u00e4rtigen Formen kultureller Produktion und Verbreitung vor dem Hintergrund von Digitalisierung, Plattformen und globalen Medienm\u00e4rkten.<\/p>\n                        \n    <a class=\"box-link\" href=\"https:\/\/normativeorders.net\/en\/veranstaltungen\/kulturindustrie-heute\/\">more information \u203a<\/a>\n<\/div>\n            <\/div>\n                    <div class=\"grid-item\">\n                \n<div class=\"box-card\">\n                <div class=\"box-category box-category--veranstaltung\">Event<\/div>\n                                <div class=\"box-img\">\n                        <img decoding=\"async\" src=\"https:\/\/normativeorders.net\/wp-content\/uploads\/2026\/04\/Book-Launch-Zw.-Transformation-u.-Abolitionismusweb.jpg\" class=\"attachment-full size-full wp-post-image\" alt=\"\" srcset=\"https:\/\/normativeorders.net\/wp-content\/uploads\/2026\/04\/Book-Launch-Zw.-Transformation-u.-Abolitionismusweb.jpg 444w, https:\/\/normativeorders.net\/wp-content\/uploads\/2026\/04\/Book-Launch-Zw.-Transformation-u.-Abolitionismusweb-212x300.jpg 212w\" sizes=\"(max-width: 444px) 100vw, 444px\" \/>                    <\/div>\n                                        <div class=\"box-date\">12.05.2026 | Frankfurt am Main<\/div>\n            <h3><a href=\"https:\/\/normativeorders.net\/en\/veranstaltungen\/zwischen-transformation-und-abolitionismus\/\">Zwischen Transformation und Abolitionismus<\/a><\/h3>\n                            <div class=\"box-type\">Buchvorstellung<\/div>\n                                        <p>Buchvorstellung mit Christine Graebsch, Katrin H\u00f6ffler, Jochen Bung &#038; Ronen Steinke<\/p>\n                        \n    <a class=\"box-link\" href=\"https:\/\/normativeorders.net\/en\/veranstaltungen\/zwischen-transformation-und-abolitionismus\/\">more information \u203a<\/a>\n<\/div>\n            <\/div>\n                    <div class=\"grid-item\">\n                \n<div class=\"box-card\">\n                <div class=\"box-category box-category--veranstaltung\">Event<\/div>\n                                <div class=\"box-img\">\n                        <img decoding=\"async\" src=\"https:\/\/normativeorders.net\/wp-content\/uploads\/2026\/03\/Plakat_A1_Global_Health_Justice_V7_ohne-Atuire.png\" class=\"attachment-full size-full wp-post-image\" alt=\"Plakat Global Health Justice Conference\" srcset=\"https:\/\/normativeorders.net\/wp-content\/uploads\/2026\/03\/Plakat_A1_Global_Health_Justice_V7_ohne-Atuire.png 666w, https:\/\/normativeorders.net\/wp-content\/uploads\/2026\/03\/Plakat_A1_Global_Health_Justice_V7_ohne-Atuire-212x300.png 212w\" sizes=\"(max-width: 666px) 100vw, 666px\" \/>                    <\/div>\n                                        <div class=\"box-date\">28.\/29.05.2026 | Frankfurt am Main<\/div>\n            <h3><a href=\"https:\/\/normativeorders.net\/en\/veranstaltungen\/global-health-justice-principles-and-practice\/\">Global Health Justice: Principles and Practice<\/a><\/h3>\n                            <div class=\"box-type\">Konferenz<\/div>\n                                        <p>Following the research focus of the Global Health Justice Postdoctoral Programme, funded by H\u00f6ppsche Stiftung, the &#8220;Global Health Justice: Principles and Practice&#8221; conference places a particular emphasis on themes such as the human right to health, political activism and health justice issues, and problems of structural injustice and vulnerable populations in health care.\u00a0Keynote lectures by Jonathan Wolff and Kanchana Mahadevan. The Global Health Justice Programme and this conference are supported by the H\u00f6ppsche Stiftung in Villmar.<\/p>\n                        \n    <a class=\"box-link\" href=\"https:\/\/normativeorders.net\/en\/veranstaltungen\/global-health-justice-principles-and-practice\/\">more information \u203a<\/a>\n<\/div>\n            <\/div>\n                    <div class=\"grid-item\">\n                \n<div class=\"box-card\">\n                <div class=\"box-category box-category--veranstaltung\">Event<\/div>\n                                <div class=\"box-img\">\n                        <img decoding=\"async\" src=\"https:\/\/normativeorders.net\/wp-content\/uploads\/2026\/03\/RV-SS-2026.jpg\" class=\"attachment-full size-full wp-post-image\" alt=\"\" srcset=\"https:\/\/normativeorders.net\/wp-content\/uploads\/2026\/03\/RV-SS-2026.jpg 605w, https:\/\/normativeorders.net\/wp-content\/uploads\/2026\/03\/RV-SS-2026-214x300.jpg 214w\" sizes=\"(max-width: 605px) 100vw, 605px\" \/>                    <\/div>\n                                        <div class=\"box-date\">14.07.2026 | Frankfurt am Main<\/div>\n            <h3><a href=\"https:\/\/normativeorders.net\/en\/veranstaltungen\/der-klimawandel-von-oekologischen-zu-demokratischen-kipppunkten-4\/\">Democracy Over Time and the Climate Crisis<\/a><\/h3>\n                            <div class=\"box-type\">Ringvorlesungen<\/div>\n                                        <p>Vortrag von Anja Karnein (Binghamton). Die Vortragsreihe untersucht Fragen der Klimakrise als Herausforderungen f\u00fcr demokratische Gesellschaften und konzentriert sich auf Themen wie politische Legitimit\u00e4t, Widerstand gegen fossile Brennstoffe und die Interessen k\u00fcnftiger Generationen. Sie wird organisiert von Prof. Dr. Darrel Moellendorf und Dr. Lukas Sparenborg.<\/p>\n                        \n    <a class=\"box-link\" href=\"https:\/\/normativeorders.net\/en\/veranstaltungen\/der-klimawandel-von-oekologischen-zu-demokratischen-kipppunkten-4\/\">more information \u203a<\/a>\n<\/div>\n            <\/div>\n                    <div class=\"grid-item\">\n                \n<div class=\"box-card\">\n                <div class=\"box-category box-category--veranstaltung\">Event<\/div>\n                                    <div class=\"box-date\">10.06.2026 | Frankfurt am Main<\/div>\n            <h3><a href=\"https:\/\/normativeorders.net\/en\/veranstaltungen\/capital-investment-inequality-and-state-power-in-a-time-of-climate-emergency\/\">Capital Investment, Inequality, and State Power in a Time of Climate Emergency<\/a><\/h3>\n                            <div class=\"box-type\">Lecture, Lecture Series<\/div>\n                                        <p>The lecture series examines questions of the climate crisis as challenges for democratic<br>societies and focuses on issues of political legitimacy, fossil fuel resistance, and the interests<br>of future generations.<\/p>\n                        \n    <a class=\"box-link\" href=\"https:\/\/normativeorders.net\/en\/veranstaltungen\/capital-investment-inequality-and-state-power-in-a-time-of-climate-emergency\/\">more information \u203a<\/a>\n<\/div>\n            <\/div>\n                    <div class=\"grid-item\">\n                \n<div class=\"box-card\">\n                <div class=\"box-category box-category--veranstaltung\">Event<\/div>\n                                    <div class=\"box-date\">13.05.2026 | Frankfurt am Main<\/div>\n            <h3><a href=\"https:\/\/normativeorders.net\/en\/veranstaltungen\/failed-states-and-cloudy-skies-tipping-points-overshoot-and-permanent-emergency-after-america\/\">Failed States and Cloudy skies: Tipping Points, Overshoot and Permanent Emergency, after America<\/a><\/h3>\n                            <div class=\"box-type\">Lecture Series<\/div>\n                                        <p>The lecture series examines questions of the climate crisis as challenges for democratic<br>societies and focuses on issues of political legitimacy, fossil fuel resistance, and the interests<br>of future generations.<\/p>\n                        \n    <a class=\"box-link\" href=\"https:\/\/normativeorders.net\/en\/veranstaltungen\/failed-states-and-cloudy-skies-tipping-points-overshoot-and-permanent-emergency-after-america\/\">more information \u203a<\/a>\n<\/div>\n            <\/div>\n                    <div class=\"grid-item\">\n                \n<div class=\"box-card\">\n                <div class=\"box-category box-category--veranstaltung\">Event<\/div>\n                                <div class=\"box-img\">\n                        <img decoding=\"async\" src=\"https:\/\/normativeorders.net\/wp-content\/uploads\/2026\/03\/Stadtgespraech-SS2026.png\" class=\"attachment-full size-full wp-post-image\" alt=\"\" srcset=\"https:\/\/normativeorders.net\/wp-content\/uploads\/2026\/03\/Stadtgespraech-SS2026.png 3508w, https:\/\/normativeorders.net\/wp-content\/uploads\/2026\/03\/Stadtgespraech-SS2026-212x300.png 212w, https:\/\/normativeorders.net\/wp-content\/uploads\/2026\/03\/Stadtgespraech-SS2026-724x1024.png 724w, https:\/\/normativeorders.net\/wp-content\/uploads\/2026\/03\/Stadtgespraech-SS2026-768x1086.png 768w, https:\/\/normativeorders.net\/wp-content\/uploads\/2026\/03\/Stadtgespraech-SS2026-1086x1536.png 1086w, https:\/\/normativeorders.net\/wp-content\/uploads\/2026\/03\/Stadtgespraech-SS2026-1448x2048.png 1448w\" sizes=\"(max-width: 3508px) 100vw, 3508px\" \/>                    <\/div>\n                                        <div class=\"box-date\">23.06.2026 | Frankfurt am Main<\/div>\n            <h3><a href=\"https:\/\/normativeorders.net\/en\/veranstaltungen\/wehrhafte-demokratie-chancen-und-grenzen-des-parteiverbots\/\">Wehrhafte Demokratie: Chancen und Grenzen des Parteiverbots<\/a><\/h3>\n                            <div class=\"box-type\">Podiumsdiskussion<\/div>\n                                        <p>Im Mittelpunkt des Abends steht die Frage, ob und unter welchen verfassungsrechtlichen, politischen und gesellschaftlichen Voraussetzungen ein Verbot einer demokratisch gew\u00e4hlten, rechtsnational ausgerichteten Partei als legitimes Mittel in Betracht gezogen werden kann oder nicht. Ausgehend von den normativen Grundlagen des Parteienverbots im Grundgesetz, m\u00f6chten wir die hohen rechtlichen H\u00fcrden und demokratietheoretischen Spannungsfelder dieser Ma\u00dfnahme er\u00f6rtern \u2013 zwischen Pluralismus und Selbstverteidigung, zwischen Meinungsfreiheit und Schutz der freiheitlichen demokratischen Grundordnung. <\/p>\n                        \n    <a class=\"box-link\" href=\"https:\/\/normativeorders.net\/en\/veranstaltungen\/wehrhafte-demokratie-chancen-und-grenzen-des-parteiverbots\/\">more information \u203a<\/a>\n<\/div>\n            <\/div>\n                    <div class=\"grid-item\">\n                \n<div class=\"box-card\">\n                <div class=\"box-category box-category--veranstaltung\">Event<\/div>\n                                    <div class=\"box-date\">30.06.2026 | Frankfurt am Main<\/div>\n            <h3><a href=\"https:\/\/normativeorders.net\/en\/veranstaltungen\/recht-und-angst-in-demokratien\/\">Recht und Angst in Demokratien<\/a><\/h3>\n                            <div class=\"box-type\">Vortrag<\/div>\n                                    \n    <a class=\"box-link\" href=\"https:\/\/normativeorders.net\/en\/veranstaltungen\/recht-und-angst-in-demokratien\/\">more information \u203a<\/a>\n<\/div>\n            <\/div>\n                    <div class=\"grid-item\">\n                \n<div class=\"box-card\">\n                <div class=\"box-category box-category--veranstaltung\">Event<\/div>\n                                    <div class=\"box-date\">03.06.2026 | Frankfurt am Main<\/div>\n            <h3><a href=\"https:\/\/normativeorders.net\/en\/veranstaltungen\/angst-als-gesellschaftliche-stimmung\/\">Angst als gesellschaftliche Stimmung<\/a><\/h3>\n                            <div class=\"box-type\">Vortrag<\/div>\n                                    \n    <a class=\"box-link\" href=\"https:\/\/normativeorders.net\/en\/veranstaltungen\/angst-als-gesellschaftliche-stimmung\/\">more information \u203a<\/a>\n<\/div>\n            <\/div>\n                    <div class=\"grid-item\">\n                \n<div class=\"box-card\">\n                <div class=\"box-category box-category--veranstaltung\">Event<\/div>\n                                    <div class=\"box-date\">21.05.2026 | Frankfurt am Main<\/div>\n            <h3><a href=\"https:\/\/normativeorders.net\/en\/veranstaltungen\/angst-und-misstrauen-in-krisenzeiten\/\">Angst und Misstrauen in Krisenzeiten<\/a><\/h3>\n                            <div class=\"box-type\">Vortrag<\/div>\n                                        <p>Vortrag von Prof. Dr. Vera King im Rahmen der partizipativen Redenreihe &#8220;DenkArt_ Im Schmelztiegel der Angst&#8221;.<\/p>\n                        \n    <a class=\"box-link\" href=\"https:\/\/normativeorders.net\/en\/veranstaltungen\/angst-und-misstrauen-in-krisenzeiten\/\">more information \u203a<\/a>\n<\/div>\n            <\/div>\n                    <div class=\"grid-item\">\n                \n<div class=\"box-card\">\n                <div class=\"box-category box-category--veranstaltung\">Event<\/div>\n                                <div class=\"box-img\">\n                        <img decoding=\"async\" src=\"https:\/\/normativeorders.net\/wp-content\/uploads\/2026\/03\/Kantorowicz_Mau_2web.jpg\" class=\"attachment-full size-full wp-post-image\" alt=\"\" srcset=\"https:\/\/normativeorders.net\/wp-content\/uploads\/2026\/03\/Kantorowicz_Mau_2web.jpg 444w, https:\/\/normativeorders.net\/wp-content\/uploads\/2026\/03\/Kantorowicz_Mau_2web-212x300.jpg 212w\" sizes=\"(max-width: 444px) 100vw, 444px\" \/>                    <\/div>\n                                        <div class=\"box-date\">08.07.2026 | Frankfurt am Main<\/div>\n            <h3><a href=\"https:\/\/normativeorders.net\/en\/veranstaltungen\/krisenhafter-wandel-der-gegenwart-einige-soziologische-beobachtungen\/\">Krisenhafter Wandel der Gegenwart. Einige soziologische Beobachtungen<\/a><\/h3>\n                            <div class=\"box-type\">Vortrag<\/div>\n                                        <p>Der Vortrag von Prof. Dr. Steffen Mau besch\u00e4ftigt sich mit den Krisensymptomen des liberalen Gesellschaftmodells. Krisenhafter sozialer Wandel ist dadurch zu charakterisieren, dass er nicht allm\u00e4hlich, sondern abrupt vor sich geht und zur Destabilisierung bestehender Institutionen, Ordnungen und Normen f\u00fchrt. Zugleich sollte er von den Menschen auch als krisenhaft erlebt werden und mit Orientierungslosigkeit, Vertrauensverlust und erh\u00f6hten Spannungen einhergehen. Der Vortrag findet im Rahmen der Kantorowicz Lectures in Political Language statt.<\/p>\n                        \n    <a class=\"box-link\" href=\"https:\/\/normativeorders.net\/en\/veranstaltungen\/krisenhafter-wandel-der-gegenwart-einige-soziologische-beobachtungen\/\">more information \u203a<\/a>\n<\/div>\n            <\/div>\n        <\/div>\n<div class=\"pagination js-paged-actuelles\"><span aria-current=\"page\" class=\"page-numbers current\">1<\/span>\n<a class=\"page-numbers\" href=\"?paged=2\">2<\/a>\n<a class=\"page-numbers\" href=\"?paged=3\">3<\/a>\n<a class=\"page-numbers\" href=\"?paged=4\">4<\/a>\n<span class=\"page-numbers dots\">&hellip;<\/span>\n<a class=\"page-numbers\" href=\"?paged=45\">45<\/a><\/div>\n\n            <\/div>\n        <\/section>\n\n    ","protected":false},"excerpt":{"rendered":"","protected":false},"author":1,"featured_media":0,"parent":0,"menu_order":0,"comment_status":"closed","ping_status":"closed","template":"templates\/text_content.php","meta":{"inline_featured_image":false,"footnotes":"","_links_to":"","_links_to_target":""},"class_list":["post-277","page","type-page","status-publish","hentry"],"acf":[],"_links":{"self":[{"href":"https:\/\/normativeorders.net\/en\/wp-json\/wp\/v2\/pages\/277"}],"collection":[{"href":"https:\/\/normativeorders.net\/en\/wp-json\/wp\/v2\/pages"}],"about":[{"href":"https:\/\/normativeorders.net\/en\/wp-json\/wp\/v2\/types\/page"}],"author":[{"embeddable":true,"href":"https:\/\/normativeorders.net\/en\/wp-json\/wp\/v2\/users\/1"}],"replies":[{"embeddable":true,"href":"https:\/\/normativeorders.net\/en\/wp-json\/wp\/v2\/comments?post=277"}],"version-history":[{"count":8,"href":"https:\/\/normativeorders.net\/en\/wp-json\/wp\/v2\/pages\/277\/revisions"}],"predecessor-version":[{"id":10157,"href":"https:\/\/normativeorders.net\/en\/wp-json\/wp\/v2\/pages\/277\/revisions\/10157"}],"wp:attachment":[{"href":"https:\/\/normativeorders.net\/en\/wp-json\/wp\/v2\/media?parent=277"}],"curies":[{"name":"wp","href":"https:\/\/api.w.org\/{rel}","templated":true}]}}