{"id":266,"date":"2024-03-05T20:57:40","date_gmt":"2024-03-05T19:57:40","guid":{"rendered":"https:\/\/contrust-2132.demosrv.dev\/?page_id=266"},"modified":"2025-04-28T14:38:49","modified_gmt":"2025-04-28T12:38:49","slug":"presse","status":"publish","type":"page","link":"https:\/\/normativeorders.net\/en\/presse\/","title":{"rendered":"Press"},"content":{"rendered":"            \n        <section class=\"press\">\n            <div class=\"container\">\n                <h1>Press<\/h1>\n                                    <div class=\"block-filter-wrap\" data-numberposts=\"9\">\n                        <div class=\"block-filter\">\n                            <a class=\"box-category active js-filter-press\" href=\"#\" data-slug=\"all\">All<\/a>\n                                                            <a class=\"box-category js-filter-press\" href=\"#\" data-slug=\"announcement\">Announcement<\/a>\n                                                                <a class=\"box-category js-filter-press\" href=\"#\" data-slug=\"artikel-en\">Artikel<\/a>\n                                                                <a class=\"box-category js-filter-press\" href=\"#\" data-slug=\"asfv-en\">asfv<\/a>\n                                                                <a class=\"box-category js-filter-press\" href=\"#\" data-slug=\"commentary\">Commentary<\/a>\n                                                                <a class=\"box-category js-filter-press\" href=\"#\" data-slug=\"contrust-en\">ConTrust<\/a>\n                                                                <a class=\"box-category js-filter-press\" href=\"#\" data-slug=\"guest-article\">Guest article<\/a>\n                                                                <a class=\"box-category js-filter-press\" href=\"#\" data-slug=\"interview-en\">Interview<\/a>\n                                                                <a class=\"box-category js-filter-press\" href=\"#\" data-slug=\"media-reports\">Media reports<\/a>\n                                                                <a class=\"box-category js-filter-press\" href=\"#\" data-slug=\"notification\">Notification<\/a>\n                                                                <a class=\"box-category js-filter-press\" href=\"#\" data-slug=\"portrait-en\">Portrait<\/a>\n                                                                <a class=\"box-category js-filter-press\" href=\"#\" data-slug=\"press-release\">Press Release<\/a>\n                                                                <a class=\"box-category js-filter-press\" href=\"#\" data-slug=\"report\">Report<\/a>\n                                                        <\/div>\n                    <\/div>\n                \n                \n<div class=\"block-press\">\n                <div class=\"box-card\">\n                                    <div class=\"box-img\">\n                        <img decoding=\"async\" src=\"https:\/\/normativeorders.net\/wp-content\/uploads\/2026\/05\/Gruppenbild-01_2000x1190.jpeg\" class=\"attachment-full size-full wp-post-image\" alt=\"\" srcset=\"https:\/\/normativeorders.net\/wp-content\/uploads\/2026\/05\/Gruppenbild-01_2000x1190.jpeg 2000w, https:\/\/normativeorders.net\/wp-content\/uploads\/2026\/05\/Gruppenbild-01_2000x1190-300x179.jpeg 300w, https:\/\/normativeorders.net\/wp-content\/uploads\/2026\/05\/Gruppenbild-01_2000x1190-1024x609.jpeg 1024w, https:\/\/normativeorders.net\/wp-content\/uploads\/2026\/05\/Gruppenbild-01_2000x1190-768x457.jpeg 768w, https:\/\/normativeorders.net\/wp-content\/uploads\/2026\/05\/Gruppenbild-01_2000x1190-1536x914.jpeg 1536w\" sizes=\"(max-width: 2000px) 100vw, 2000px\" \/>                    <\/div>\n                                <div class=\"box-info\">\n                    <div class=\"box-date\">11.05.2026<\/div>\n                                    <\/div>\n                <div class=\"box-main\">\n                    <h3><a href=\"https:\/\/normativeorders.net\/en\/news\/gertrud-koch-spricht-ueber-kulturindustrie-heute\/\">Gertrud Koch spricht \u00fcber Kulturindustrie heute<\/a><\/h3>\n                    <p>Im Rahmen der Gespr\u00e4chsreihe Frankfurter Schule des Forschungszentrums Normative Ordnungen hat die emeritierte Professorin f\u00fcr Filmwissenschaft gemeinsam mit dem Journalisten Bert Rebhandl um die Aktualit\u00e4t des Begriffs Kulturindustrie und seines [&hellip;]<\/p>                    <a class=\"box-link\" href=\"https:\/\/normativeorders.net\/en\/news\/gertrud-koch-spricht-ueber-kulturindustrie-heute\/\">more information \u203a<\/a>\n                <\/div>\n            <\/div>\n                    <div class=\"box-card\">\n                                <div class=\"box-info\">\n                    <div class=\"box-date\">07.05.2026<\/div>\n                                            <div class=\"box-type\">Bericht<\/div>\n                                    <\/div>\n                <div class=\"box-main\">\n                    <h3><a href=\"https:\/\/www.fr.de\/wirtschaft\/treibt-gute-mitarbeiter-in-die-kuendigung-studie-chef-angewohnheit-zr-94294211.html\">Studie zeigt: Verbreitete Chef-Gewohnheit treibt die besten Mitarbeiter in die K\u00fcndigung<\/a><\/h3>\n                    <p>Mikromanagement treibt qualifizierte Mitarbeiter aus Betrieben. Eine neue Studie zeigt, wie stark\nzu viel Kontrolle den Fachkr\u00e4ftemangel befeuern kann. \u00dcber die Studie spricht Guido Friebel (FR online)<\/p>                    <a class=\"box-link\" href=\"https:\/\/www.fr.de\/wirtschaft\/treibt-gute-mitarbeiter-in-die-kuendigung-studie-chef-angewohnheit-zr-94294211.html\">more information \u203a<\/a>\n                <\/div>\n            <\/div>\n                    <div class=\"box-card\">\n                                <div class=\"box-info\">\n                    <div class=\"box-date\">06.05.2026<\/div>\n                                            <div class=\"box-type\">Interview, Radiobeitrag<\/div>\n                                    <\/div>\n                <div class=\"box-main\">\n                    <h3><a href=\"https:\/\/www1.wdr.de\/radio\/wdr5\/sendungen\/neugier-genuegt\/redezeit-rolf-van-dick-100.html\">Rolf van Dick \u2013 Im Teamwork mit der F\u00fchrungskraft<\/a><\/h3>\n                    <p>Teams mit starkem Wir-Gef\u00fchl arbeiten erfolgreicher. Gute F\u00fchrung f\u00f6rdert Teamarbeit, sagt der\nOrganisationswissenschaftler Rolf van Dick. (WDR 5)<\/p>                    <a class=\"box-link\" href=\"https:\/\/www1.wdr.de\/radio\/wdr5\/sendungen\/neugier-genuegt\/redezeit-rolf-van-dick-100.html\">more information \u203a<\/a>\n                <\/div>\n            <\/div>\n                    <div class=\"box-card\">\n                                <div class=\"box-info\">\n                    <div class=\"box-date\">20.04.2026<\/div>\n                                            <div class=\"box-type\">Bericht<\/div>\n                                    <\/div>\n                <div class=\"box-main\">\n                    <h3><a href=\"https:\/\/normativeorders.net\/en\/press\/wider-die-ohnmacht-roemerberggespraeche-das-prinzip-trump\/\">Wider die Ohnmacht. R\u00f6merberggespr\u00e4che: Das Prinzip Trump<\/a><\/h3>\n                    <p>Die Frankfurter R\u00f6merberggespr\u00e4che widerstanden am Samstag im Schauspiel Frankfurt dem Abwehrmechanismus und widmeten sich den unbequemen Fragen nach den Gr\u00fcnden des Erfolgs eines Politikstils, der immer unverhohlener Tabubr\u00fcche begeht und die Werte- und Rechtsordnung des Westens infrage stellt. (Frankfurter Allgemeine Zeitung)<\/p>                    <a class=\"box-link\" href=\"https:\/\/normativeorders.net\/en\/press\/wider-die-ohnmacht-roemerberggespraeche-das-prinzip-trump\/\">more information \u203a<\/a>\n                <\/div>\n            <\/div>\n                    <div class=\"box-card\">\n                                <div class=\"box-info\">\n                    <div class=\"box-date\">19.04.2026<\/div>\n                                            <div class=\"box-type\">Bericht<\/div>\n                                    <\/div>\n                <div class=\"box-main\">\n                    <h3><a href=\"https:\/\/www.hessenschau.de\/gesellschaft\/hessische-unis-untersuchen-wie-jugendliche-im-netz-beeinflusst-werden-v1,uni-kassel-jugend-im-fokus-100.html\">Zwischen &#8220;Generation Antifa&#8221; und &#8220;Generation Deutschland&#8221; &#8211; Unis untersuchen, wie Jugendliche im Netz beeinflusst werden<\/a><\/h3>\n                    <p>Das Forschungsprojekt &#8220;Jugend im Fokus&#8221; verschiedener hessischer Hochschulen untersucht wie Jugendliche im Netz beeinflusst werden und befasst sich mit der Frage, wie sich junge Menschen heute gegen rechte und antidemokratische Tendenzen engagieren. Das Projekt geh\u00f6rt zum Forschungsverbund &#8220;DemoReg &#8211; Herausforderungen der Demokratie in Zeiten ihrer Regression&#8221; (HR, Hessenschau)<\/p>                    <a class=\"box-link\" href=\"https:\/\/www.hessenschau.de\/gesellschaft\/hessische-unis-untersuchen-wie-jugendliche-im-netz-beeinflusst-werden-v1,uni-kassel-jugend-im-fokus-100.html\">more information \u203a<\/a>\n                <\/div>\n            <\/div>\n                    <div class=\"box-card\">\n                                <div class=\"box-info\">\n                    <div class=\"box-date\">19.04.2026<\/div>\n                                            <div class=\"box-type\">Bericht<\/div>\n                                    <\/div>\n                <div class=\"box-main\">\n                    <h3><a href=\"https:\/\/www.fr.de\/kultur\/gesellschaft\/wie-trump-und-tech-giganten-die-demokratie-bedrohen-94268715.html#google_vignette\">R\u00f6merberggespr\u00e4che: Reden \u00fcber Trump \u2013 Er tanzt auf dem Vulkan<\/a><\/h3>\n                    <p>Die R\u00f6merberggespr\u00e4che besch\u00e4ftigen sich diesmal mit dem \u201ePrinzip Donald Trump\u201c (Frankfurter Rundschau)<\/p>                    <a class=\"box-link\" href=\"https:\/\/www.fr.de\/kultur\/gesellschaft\/wie-trump-und-tech-giganten-die-demokratie-bedrohen-94268715.html#google_vignette\">more information \u203a<\/a>\n                <\/div>\n            <\/div>\n                    <div class=\"box-card\">\n                                <div class=\"box-info\">\n                    <div class=\"box-date\">18.04.2026<\/div>\n                                            <div class=\"box-type\">Interview<\/div>\n                                    <\/div>\n                <div class=\"box-main\">\n                    <h3><a href=\"https:\/\/www.deutschlandfunk.de\/roemerberggespraeche-2026-der-amerikanist-johannes-voelz-zum-prinzip-donald-trump-100.html\">R\u00f6merberggespr\u00e4che 2026: Der Amerikanist Johannes V\u00f6lz zum Prinzip Donald Trump<\/a><\/h3>\n                    <p>Johannes V\u00f6lz im Interview mit Anja Reinhardt (Deutschlandfunk Kultur)<\/p>                    <a class=\"box-link\" href=\"https:\/\/www.deutschlandfunk.de\/roemerberggespraeche-2026-der-amerikanist-johannes-voelz-zum-prinzip-donald-trump-100.html\">more information \u203a<\/a>\n                <\/div>\n            <\/div>\n                    <div class=\"box-card\">\n                                <div class=\"box-info\">\n                    <div class=\"box-date\">18.04.2026<\/div>\n                                            <div class=\"box-type\">Interview<\/div>\n                                    <\/div>\n                <div class=\"box-main\">\n                    <h3><a href=\"https:\/\/www.deutschlandfunkkultur.de\/autoritarismus-des-21-jahrhunderts-ein-erfolgsschlager-100.html\">Autoritarismus des 21. Jahrhunderts \u2013 Ein Erfolgsschlager?<\/a><\/h3>\n                    <p>Interview mit Prof. Dr. Vera King (Deutschlandfunk Kultur, Studio 9)<\/p>                    <a class=\"box-link\" href=\"https:\/\/www.deutschlandfunkkultur.de\/autoritarismus-des-21-jahrhunderts-ein-erfolgsschlager-100.html\">more information \u203a<\/a>\n                <\/div>\n            <\/div>\n                    <div class=\"box-card\">\n                                <div class=\"box-info\">\n                    <div class=\"box-date\">16.04.2026<\/div>\n                                            <div class=\"box-type\">Interview<\/div>\n                                    <\/div>\n                <div class=\"box-main\">\n                    <h3><a href=\"https:\/\/normativeorders.net\/en\/press\/zustimmung-aus-begeisterung\/\">&#8220;Zustimmung aus Begeisterung&#8221;<\/a><\/h3>\n                    <p>Fr\u00fcher setzten autorit\u00e4re Regime auf Zwang und Unterwerfung, heute ist das anders. Wie Donald Trump einen neuen F\u00fchrungsstil gepr\u00e4gt hat, erkl\u00e4rt die Soziologin Vera King bei den R\u00f6merberggespr\u00e4chen. (Frankfurter Allgemeine Zeitung)<\/p>                    <a class=\"box-link\" href=\"https:\/\/normativeorders.net\/en\/press\/zustimmung-aus-begeisterung\/\">more information \u203a<\/a>\n                <\/div>\n            <\/div>\n        <\/div>\n\n<div class=\"pagination js-paged-press\"><span aria-current=\"page\" class=\"page-numbers current\">1<\/span>\n<a class=\"page-numbers\" href=\"?paged=2\">2<\/a>\n<a class=\"page-numbers\" href=\"?paged=3\">3<\/a>\n<a class=\"page-numbers\" href=\"?paged=4\">4<\/a>\n<span class=\"page-numbers dots\">&hellip;<\/span>\n<a class=\"page-numbers\" href=\"?paged=31\">31<\/a><\/div>\n\n            <\/div>\n        <\/section>\n\n    ","protected":false},"excerpt":{"rendered":"","protected":false},"author":1,"featured_media":0,"parent":0,"menu_order":0,"comment_status":"closed","ping_status":"closed","template":"","meta":{"inline_featured_image":false,"footnotes":"","_links_to":"","_links_to_target":""},"class_list":["post-266","page","type-page","status-publish","hentry"],"acf":[],"_links":{"self":[{"href":"https:\/\/normativeorders.net\/en\/wp-json\/wp\/v2\/pages\/266"}],"collection":[{"href":"https:\/\/normativeorders.net\/en\/wp-json\/wp\/v2\/pages"}],"about":[{"href":"https:\/\/normativeorders.net\/en\/wp-json\/wp\/v2\/types\/page"}],"author":[{"embeddable":true,"href":"https:\/\/normativeorders.net\/en\/wp-json\/wp\/v2\/users\/1"}],"replies":[{"embeddable":true,"href":"https:\/\/normativeorders.net\/en\/wp-json\/wp\/v2\/comments?post=266"}],"version-history":[{"count":7,"href":"https:\/\/normativeorders.net\/en\/wp-json\/wp\/v2\/pages\/266\/revisions"}],"predecessor-version":[{"id":7845,"href":"https:\/\/normativeorders.net\/en\/wp-json\/wp\/v2\/pages\/266\/revisions\/7845"}],"wp:attachment":[{"href":"https:\/\/normativeorders.net\/en\/wp-json\/wp\/v2\/media?parent=266"}],"curies":[{"name":"wp","href":"https:\/\/api.w.org\/{rel}","templated":true}]}}