{"id":264,"date":"2024-03-05T20:56:20","date_gmt":"2024-03-05T19:56:20","guid":{"rendered":"https:\/\/contrust-2132.demosrv.dev\/?page_id=264"},"modified":"2025-04-28T14:37:08","modified_gmt":"2025-04-28T12:37:08","slug":"publikationen","status":"publish","type":"page","link":"https:\/\/normativeorders.net\/en\/publikationen\/","title":{"rendered":"Publications"},"content":{"rendered":"            \n        <section class=\"publications\">\n            <div class=\"container\">\n                <h1>Publications<\/h1>\n\n                <div class=\"block-filter-publications\">\n                                            <div class=\"block-filter-wrap\" data-numberposts=\"9\">\n                            <div class=\"block-filter\">\n                                <a class=\"box-category active js-filter-publications\" href=\"#\" data-id=\"all\">All<\/a>\n                                                                    <a class=\"box-category js-filter-publications\" href=\"#\" data-id=\"286\">Anthology<\/a>\n                                                                    <a class=\"box-category js-filter-publications\" href=\"#\" data-id=\"174\">Chapter<\/a>\n                                                                    <a class=\"box-category js-filter-publications\" href=\"#\" data-id=\"176\">Encyclopedia<\/a>\n                                                                    <a class=\"box-category js-filter-publications\" href=\"#\" data-id=\"283\">Handbook<\/a>\n                                                                    <a class=\"box-category js-filter-publications\" href=\"#\" data-id=\"172\">Journal article<\/a>\n                                                                    <a class=\"box-category js-filter-publications\" href=\"#\" data-id=\"284\">Monograph<\/a>\n                                                                    <a class=\"box-category js-filter-publications\" href=\"#\" data-id=\"285\">Online article<\/a>\n                                                                    <a class=\"box-category js-filter-publications\" href=\"#\" data-id=\"282\">Report<\/a>\n                                                                    <a class=\"box-category js-filter-publications\" href=\"#\" data-id=\"403\">Review<\/a>\n                                                                    <a class=\"box-category js-filter-publications\" href=\"#\" data-id=\"287\">Working Paper<\/a>\n                                                            <\/div>\n                        <\/div>\n                                        <div class=\"block-search-filter\">\n                        <div class=\"block-search-form\">\n                            <form class=\"form-search\">\n                                <input class=\"input-search\" type=\"search\" name=\"search\" placeholder=\"Search\" value=\"\">\n                                <button class=\"btn-search\" type=\"submit\"><i class=\"icon-search\"><\/i><\/button>\n                            <\/form>\n                        <\/div>\n                        <div class=\"block-filter-select\">\n                            <div class=\"box-col\">\n                                <label>Date<\/label>\n                                <input class=\"input-form\" name=\"year\" type=\"number\" placeholder=\"Year\">\n                            <\/div>\n                                                            <div class=\"box-col\">\n                                    <label>Academic field<\/label>\n                                    <div class=\"box-select\">\n                                        <select name=\"disciplines\" data-placeholder=\"Academic field\">\n                                            <option><\/option>\n                                                                                            <option value=\"412\">Amerikanistik<\/option>\n                                                                                            <option value=\"200\">Economics<\/option>\n                                                                                            <option value=\"194\">Ethnology<\/option>\n                                                                                            <option value=\"195\">Film Studies<\/option>\n                                                                                            <option value=\"196\">History<\/option>\n                                                                                            <option value=\"171\">Philosophy<\/option>\n                                                                                            <option value=\"394\">Political Philosophy<\/option>\n                                                                                            <option value=\"197\">Political Science<\/option>\n                                                                                            <option value=\"400\">Politische Theorie<\/option>\n                                                                                            <option value=\"399\">Psychology<\/option>\n                                                                                            <option value=\"175\">Rechtswissenschaften<\/option>\n                                                                                            <option value=\"199\">Religious Studies<\/option>\n                                                                                            <option value=\"198\">Sociology<\/option>\n                                                                                    <\/select>\n                                    <\/div>\n                                <\/div>\n                                                                                        <div class=\"box-col\">\n                                    <label>Category<\/label>\n                                    <div class=\"box-select\">\n                                        <select name=\"series\" data-placeholder=\"Reihe\">\n                                            <option><\/option>\n                                                                                            <option value=\"322\">Campus series &#8220;Normative Orders&#8221;<\/option>\n                                                                                            <option value=\"368\">ConTrust Working Paper Series<\/option>\n                                                                                            <option value=\"377\">Normative Orders Working Paper Series<\/option>\n                                                                                    <\/select>\n                                    <\/div>\n                                <\/div>\n                                                    <\/div>\n                    <\/div>\n                    <div class=\"block-filter-btn\">\n                        <a class=\"btn btn-border js-clear-publication-filter\" href=\"#\">Remove filters<\/a>\n                        <a class=\"btn js-start-publication-filter\" href=\"#\">Search<\/a>\n                    <\/div>\n                <\/div>\n\n                \n<div class=\"block-publications\">\n                <div class=\"box-card\">\n                                    <div class=\"box-img\">\n                        <img decoding=\"async\" src=\"https:\/\/normativeorders.net\/wp-content\/uploads\/2026\/04\/oben-rechts_9783518128138_cover.jpg\" class=\"attachment-full size-full wp-post-image\" alt=\"\" srcset=\"https:\/\/normativeorders.net\/wp-content\/uploads\/2026\/04\/oben-rechts_9783518128138_cover.jpg 638w, https:\/\/normativeorders.net\/wp-content\/uploads\/2026\/04\/oben-rechts_9783518128138_cover-183x300.jpg 183w, https:\/\/normativeorders.net\/wp-content\/uploads\/2026\/04\/oben-rechts_9783518128138_cover-625x1024.jpg 625w\" sizes=\"(max-width: 638px) 100vw, 638px\" \/>                    <\/div>\n                                <div class=\"box-info\">\n                    <div class=\"box-date\">2026<\/div>\n                                            <div class=\"box-type\">Buchkapitel<\/div>\n                                    <\/div>\n                <div class=\"box-main\">\n                    <h3><a href=\"https:\/\/normativeorders.net\/en\/publikation\/von-poujade-ueber-berlusconi-zu-trump-eine-genealogie-des-libertaeren-patrimonialismus\/\">Von Poujade \u00fcber Berlusconi zu Trump. Eine Genealogie des libert\u00e4ren Patrimonialismus<\/a><\/h3>\n                    <p>Biebricher, Thomas (2026): \u201eVon Poujade \u00fcber Berlusconi zu Trump. Eine Genealogie des libert\u00e4ren Patrimonialismus\u201c. In: Geiselberger, Heinrich (Hrsg.): Oben rechts. Rechtspopulismus als Klassenprojekt, Suhrkamp, S. 103-144.<\/p>                    <a class=\"box-link\" href=\"https:\/\/normativeorders.net\/en\/publikation\/von-poujade-ueber-berlusconi-zu-trump-eine-genealogie-des-libertaeren-patrimonialismus\/\">more information \u203a<\/a>\n                <\/div>\n            <\/div>\n                    <div class=\"box-card\">\n                                    <div class=\"box-img\">\n                        <img decoding=\"async\" src=\"https:\/\/normativeorders.net\/wp-content\/uploads\/2026\/04\/large.png\" class=\"attachment-full size-full wp-post-image\" alt=\"\" srcset=\"https:\/\/normativeorders.net\/wp-content\/uploads\/2026\/04\/large.png 240w, https:\/\/normativeorders.net\/wp-content\/uploads\/2026\/04\/large-201x300.png 201w\" sizes=\"(max-width: 240px) 100vw, 240px\" \/>                    <\/div>\n                                <div class=\"box-info\">\n                    <div class=\"box-date\">2026<\/div>\n                                            <div class=\"box-type\">Monographie<\/div>\n                                    <\/div>\n                <div class=\"box-main\">\n                    <h3><a href=\"https:\/\/normativeorders.net\/en\/publikation\/ausserjuridisches-in-massstaeben-des-bundesverfassungsgerichts\/\">Au\u00dferjuridisches in Ma\u00dfst\u00e4ben des Bundesverfassungsgerichts<\/a><\/h3>\n                    <p>Britz, Gabriele (2026): \u201eAu\u00dferjuridisches in Ma\u00dfst\u00e4ben des Bundesverfassungsgerichts. Mechanik, Legitimation und Empiriebedarf tatsachengepr\u00e4gter Verfassungsentwicklung\u201c. Mohr Siebeck.<\/p>                    <a class=\"box-link\" href=\"https:\/\/normativeorders.net\/en\/publikation\/ausserjuridisches-in-massstaeben-des-bundesverfassungsgerichts\/\">more information \u203a<\/a>\n                <\/div>\n            <\/div>\n                    <div class=\"box-card\">\n                                    <div class=\"box-img\">\n                        <img decoding=\"async\" src=\"https:\/\/normativeorders.net\/wp-content\/uploads\/2026\/04\/COLA.jpg\" class=\"attachment-full size-full wp-post-image\" alt=\"\" srcset=\"https:\/\/normativeorders.net\/wp-content\/uploads\/2026\/04\/COLA.jpg 524w, https:\/\/normativeorders.net\/wp-content\/uploads\/2026\/04\/COLA-197x300.jpg 197w\" sizes=\"(max-width: 524px) 100vw, 524px\" \/>                    <\/div>\n                                <div class=\"box-info\">\n                    <div class=\"box-date\">2026<\/div>\n                                            <div class=\"box-type\">Zeitschriftenartikel<\/div>\n                                    <\/div>\n                <div class=\"box-main\">\n                    <h3><a href=\"https:\/\/normativeorders.net\/en\/publikation\/european-society-and-its-antagonists\/\">European society and its antagonists<\/a><\/h3>\n                    <p>Von Bogdandy, Armin (2026): \u201eEuropean society and its antagonists\u201c. In: Common Market Law Review, 63 (1), S. 301-314.<\/p>                    <a class=\"box-link\" href=\"https:\/\/normativeorders.net\/en\/publikation\/european-society-and-its-antagonists\/\">more information \u203a<\/a>\n                <\/div>\n            <\/div>\n                    <div class=\"box-card\">\n                                    <div class=\"box-img\">\n                        <img decoding=\"async\" src=\"https:\/\/normativeorders.net\/wp-content\/uploads\/2026\/03\/ptxa_54_2.webp\" class=\"attachment-full size-full wp-post-image\" alt=\"\" srcset=\"https:\/\/normativeorders.net\/wp-content\/uploads\/2026\/03\/ptxa_54_2.webp 1051w, https:\/\/normativeorders.net\/wp-content\/uploads\/2026\/03\/ptxa_54_2-197x300.webp 197w, https:\/\/normativeorders.net\/wp-content\/uploads\/2026\/03\/ptxa_54_2-673x1024.webp 673w, https:\/\/normativeorders.net\/wp-content\/uploads\/2026\/03\/ptxa_54_2-768x1169.webp 768w, https:\/\/normativeorders.net\/wp-content\/uploads\/2026\/03\/ptxa_54_2-1009x1536.webp 1009w\" sizes=\"(max-width: 1051px) 100vw, 1051px\" \/>                    <\/div>\n                                <div class=\"box-info\">\n                    <div class=\"box-date\">2026<\/div>\n                                            <div class=\"box-type\">Zeitschriftenartikel<\/div>\n                                    <\/div>\n                <div class=\"box-main\">\n                    <h3><a href=\"https:\/\/normativeorders.net\/en\/publikation\/toward-a-critical-theory-of-trust\/\">Toward a Critical Theory of Trust<\/a><\/h3>\n                    <p>Rainer, Forst (2026): \u201eToward a Critical Theory of Trust\u201c. In: Political Theory, OnlineFirst.<\/p>                    <a class=\"box-link\" href=\"https:\/\/normativeorders.net\/en\/publikation\/toward-a-critical-theory-of-trust\/\">more information \u203a<\/a>\n                <\/div>\n            <\/div>\n                    <div class=\"box-card\">\n                                    <div class=\"box-img\">\n                        <img decoding=\"async\" src=\"https:\/\/normativeorders.net\/wp-content\/uploads\/2026\/04\/9781509983759.jpg\" class=\"attachment-full size-full wp-post-image\" alt=\"\" srcset=\"https:\/\/normativeorders.net\/wp-content\/uploads\/2026\/04\/9781509983759.jpg 800w, https:\/\/normativeorders.net\/wp-content\/uploads\/2026\/04\/9781509983759-200x300.jpg 200w, https:\/\/normativeorders.net\/wp-content\/uploads\/2026\/04\/9781509983759-683x1024.jpg 683w, https:\/\/normativeorders.net\/wp-content\/uploads\/2026\/04\/9781509983759-768x1152.jpg 768w\" sizes=\"(max-width: 800px) 100vw, 800px\" \/>                    <\/div>\n                                <div class=\"box-info\">\n                    <div class=\"box-date\">2026<\/div>\n                                            <div class=\"box-type\">Buchkapitel<\/div>\n                                    <\/div>\n                <div class=\"box-main\">\n                    <h3><a href=\"https:\/\/normativeorders.net\/en\/publikation\/data-protection-in-german-constitutional-law\/\">Data Protection in German Constitutional Law<\/a><\/h3>\n                    <p>Britz, Gabriele (2026): \u201eData Protection in German Constitutional Law. Overview of Basic Concepts and Mechanisms in the Case Law of the Federal Constitutional Court\u201c. In: Orr\u00f9, Elisa; Poscher, Ralf (Hrsg.): Conceptions of Data Protection and Privacy. Legal and Philosophical Perspectives, Hart Publishing, S. 93-110.<\/p>                    <a class=\"box-link\" href=\"https:\/\/normativeorders.net\/en\/publikation\/data-protection-in-german-constitutional-law\/\">more information \u203a<\/a>\n                <\/div>\n            <\/div>\n                    <div class=\"box-card\">\n                                    <div class=\"box-img\">\n                        <img decoding=\"async\" src=\"https:\/\/normativeorders.net\/wp-content\/uploads\/2026\/02\/cover-2.jpeg\" class=\"attachment-full size-full wp-post-image\" alt=\"\" srcset=\"https:\/\/normativeorders.net\/wp-content\/uploads\/2026\/02\/cover-2.jpeg 520w, https:\/\/normativeorders.net\/wp-content\/uploads\/2026\/02\/cover-2-206x300.jpeg 206w\" sizes=\"(max-width: 520px) 100vw, 520px\" \/>                    <\/div>\n                                <div class=\"box-info\">\n                    <div class=\"box-date\"><\/div>\n                                            <div class=\"box-type\">Journal article<\/div>\n                                    <\/div>\n                <div class=\"box-main\">\n                    <h3><a href=\"https:\/\/normativeorders.net\/en\/publikation\/new-perspectives-on-trust-in-international-conflicts\/\">New Perspectives on Trust in International Conflicts<\/a><\/h3>\n                    <p>Wille, Tobias; Simon, Hendrik; Daase, Christopher; Deitelhoff, Nicole; Wheeler, Nicholas J.; Holmes, Marcus; Rathbun, Brian C.; Acharya, Amitav; Mitzen, Jennifer (2026): \u201eNew Perspectives on Trust in International Conflicts\u201c. In: International Studies Review 28 (1), viaf027. <\/p>                    <a class=\"box-link\" href=\"https:\/\/normativeorders.net\/en\/publikation\/new-perspectives-on-trust-in-international-conflicts\/\">more information \u203a<\/a>\n                <\/div>\n            <\/div>\n                    <div class=\"box-card\">\n                                    <div class=\"box-img\">\n                        <img decoding=\"async\" src=\"https:\/\/normativeorders.net\/wp-content\/uploads\/2026\/04\/796987_publication_product_466x.jpg\" class=\"attachment-full size-full wp-post-image\" alt=\"\" srcset=\"https:\/\/normativeorders.net\/wp-content\/uploads\/2026\/04\/796987_publication_product_466x.jpg 466w, https:\/\/normativeorders.net\/wp-content\/uploads\/2026\/04\/796987_publication_product_466x-210x300.jpg 210w\" sizes=\"(max-width: 466px) 100vw, 466px\" \/>                    <\/div>\n                                <div class=\"box-info\">\n                    <div class=\"box-date\">2026<\/div>\n                                            <div class=\"box-type\">Zeitschriftenartikel<\/div>\n                                    <\/div>\n                <div class=\"box-main\">\n                    <h3><a href=\"https:\/\/normativeorders.net\/en\/publikation\/krise-des-konservatismus-krise-der-demokratie\/\">Krise des Konservatismus \u2013 Krise der Demokratie?<\/a><\/h3>\n                    <p>Biebricher, Thomas (2026): \u201eKrise des Konservatismus \u2013 Krise der Demokratie?\u201c. In: Aus Politik und Zeitgeschichte, 76 (6-9), S. 18-23.<\/p>                    <a class=\"box-link\" href=\"https:\/\/normativeorders.net\/en\/publikation\/krise-des-konservatismus-krise-der-demokratie\/\">more information \u203a<\/a>\n                <\/div>\n            <\/div>\n                    <div class=\"box-card\">\n                                    <div class=\"box-img\">\n                        <img decoding=\"async\" src=\"https:\/\/normativeorders.net\/wp-content\/uploads\/2026\/04\/european-law-open.jpg\" class=\"attachment-full size-full wp-post-image\" alt=\"\" \/>                    <\/div>\n                                <div class=\"box-info\">\n                    <div class=\"box-date\">2026<\/div>\n                                            <div class=\"box-type\">Zeitschriftenartikel<\/div>\n                                    <\/div>\n                <div class=\"box-main\">\n                    <h3><a href=\"https:\/\/normativeorders.net\/en\/publikation\/on-the-meaning-and-promise-of-european-society\/\">On the meaning and promise of European Society<\/a><\/h3>\n                    <p>Von Bogdandy, Armin (2026): \u201eOn the meaning and promise of European Society\u201c. In: European Law Open, 4 (4), S. 628-645.<\/p>                    <a class=\"box-link\" href=\"https:\/\/normativeorders.net\/en\/publikation\/on-the-meaning-and-promise-of-european-society\/\">more information \u203a<\/a>\n                <\/div>\n            <\/div>\n                    <div class=\"box-card\">\n                                <div class=\"box-info\">\n                    <div class=\"box-date\"><\/div>\n                                            <div class=\"box-type\">Journal article<\/div>\n                                    <\/div>\n                <div class=\"box-main\">\n                    <h3><a href=\"https:\/\/normativeorders.net\/en\/publikation\/gender-differences-in-financial-advice\/\">Gender Differences in Financial Advice<\/a><\/h3>\n                    <p>Bucher-Koenen, Tabea; Hackethal, Andreas; Koenen, Johannes; Laudenbach, Christine (2025): \u201eGender Differences in Financial Advice\u201c. In: American Economic Review, 115 (12), pp. 4218\u20134252. <\/p>                    <a class=\"box-link\" href=\"https:\/\/normativeorders.net\/en\/publikation\/gender-differences-in-financial-advice\/\">more information \u203a<\/a>\n                <\/div>\n            <\/div>\n        <\/div>\n\n<div class=\"pagination js-paged-publications\"><span aria-current=\"page\" class=\"page-numbers current\">1<\/span>\n<a class=\"page-numbers\" href=\"?paged=2\">2<\/a>\n<a class=\"page-numbers\" href=\"?paged=3\">3<\/a>\n<a class=\"page-numbers\" href=\"?paged=4\">4<\/a>\n<span class=\"page-numbers dots\">&hellip;<\/span>\n<a class=\"page-numbers\" href=\"?paged=45\">45<\/a><\/div>\n            <\/div>\n        <\/section>\n    ","protected":false},"excerpt":{"rendered":"","protected":false},"author":1,"featured_media":0,"parent":0,"menu_order":0,"comment_status":"closed","ping_status":"closed","template":"","meta":{"inline_featured_image":false,"footnotes":"","_links_to":"","_links_to_target":""},"class_list":["post-264","page","type-page","status-publish","hentry"],"acf":[],"_links":{"self":[{"href":"https:\/\/normativeorders.net\/en\/wp-json\/wp\/v2\/pages\/264"}],"collection":[{"href":"https:\/\/normativeorders.net\/en\/wp-json\/wp\/v2\/pages"}],"about":[{"href":"https:\/\/normativeorders.net\/en\/wp-json\/wp\/v2\/types\/page"}],"author":[{"embeddable":true,"href":"https:\/\/normativeorders.net\/en\/wp-json\/wp\/v2\/users\/1"}],"replies":[{"embeddable":true,"href":"https:\/\/normativeorders.net\/en\/wp-json\/wp\/v2\/comments?post=264"}],"version-history":[{"count":5,"href":"https:\/\/normativeorders.net\/en\/wp-json\/wp\/v2\/pages\/264\/revisions"}],"predecessor-version":[{"id":7841,"href":"https:\/\/normativeorders.net\/en\/wp-json\/wp\/v2\/pages\/264\/revisions\/7841"}],"wp:attachment":[{"href":"https:\/\/normativeorders.net\/en\/wp-json\/wp\/v2\/media?parent=264"}],"curies":[{"name":"wp","href":"https:\/\/api.w.org\/{rel}","templated":true}]}}