{"id":10064,"date":"2025-05-27T18:56:37","date_gmt":"2025-05-27T16:56:37","guid":{"rendered":"https:\/\/reverent-antonelli.23-88-7-78.plesk.page\/event-series\/lecture-series-cinema\/fragile-cooperations-production-crises-in-cinema\/"},"modified":"2025-05-27T18:56:45","modified_gmt":"2025-05-27T16:56:45","slug":"fragile-cooperations-production-crises-in-cinema","status":"publish","type":"page","link":"https:\/\/normativeorders.net\/en\/event-series\/lecture-series-cinema\/fragile-cooperations-production-crises-in-cinema\/","title":{"rendered":"Fragile cooperations: Production crises in cinema"},"content":{"rendered":"<div class=\"wp-block-image\">\n<figure data-wp-context=\"{&quot;uploadedSrc&quot;:&quot;https:\\\/\\\/normativeorders.net\\\/wp-content\\\/uploads\\\/2025\\\/05\\\/2019_SS-Fragile-Kooperationenweb.jpg&quot;,&quot;figureClassNames&quot;:&quot;alignleft size-medium&quot;,&quot;figureStyles&quot;:null,&quot;imgClassNames&quot;:&quot;wp-image-10047&quot;,&quot;imgStyles&quot;:null,&quot;targetWidth&quot;:840,&quot;targetHeight&quot;:1189,&quot;scaleAttr&quot;:false,&quot;ariaLabel&quot;:&quot;Enlarge image&quot;,&quot;alt&quot;:&quot;&quot;}\" data-wp-interactive=\"core\/image\" class=\"alignleft size-medium wp-lightbox-container\"><img loading=\"lazy\" decoding=\"async\" width=\"212\" height=\"300\" data-wp-init=\"callbacks.setButtonStyles\" data-wp-on-async--click=\"actions.showLightbox\" data-wp-on-async--load=\"callbacks.setButtonStyles\" data-wp-on-async-window--resize=\"callbacks.setButtonStyles\" src=\"https:\/\/normativeorders.net\/wp-content\/uploads\/2025\/05\/2019_SS-Fragile-Kooperationenweb-212x300.jpg\" alt=\"\" class=\"wp-image-10047\" srcset=\"https:\/\/normativeorders.net\/wp-content\/uploads\/2025\/05\/2019_SS-Fragile-Kooperationenweb-212x300.jpg 212w, https:\/\/normativeorders.net\/wp-content\/uploads\/2025\/05\/2019_SS-Fragile-Kooperationenweb-723x1024.jpg 723w, https:\/\/normativeorders.net\/wp-content\/uploads\/2025\/05\/2019_SS-Fragile-Kooperationenweb-768x1087.jpg 768w, https:\/\/normativeorders.net\/wp-content\/uploads\/2025\/05\/2019_SS-Fragile-Kooperationenweb.jpg 840w\" sizes=\"(max-width: 212px) 100vw, 212px\" \/><button\n\t\t\tclass=\"lightbox-trigger\"\n\t\t\ttype=\"button\"\n\t\t\taria-haspopup=\"dialog\"\n\t\t\taria-label=\"Enlarge image\"\n\t\t\tdata-wp-init=\"callbacks.initTriggerButton\"\n\t\t\tdata-wp-on-async--click=\"actions.showLightbox\"\n\t\t\tdata-wp-style--right=\"context.imageButtonRight\"\n\t\t\tdata-wp-style--top=\"context.imageButtonTop\"\n\t\t>\n\t\t\t<svg xmlns=\"http:\/\/www.w3.org\/2000\/svg\" width=\"12\" height=\"12\" fill=\"none\" viewBox=\"0 0 12 12\">\n\t\t\t\t<path fill=\"#fff\" d=\"M2 0a2 2 0 0 0-2 2v2h1.5V2a.5.5 0 0 1 .5-.5h2V0H2Zm2 10.5H2a.5.5 0 0 1-.5-.5V8H0v2a2 2 0 0 0 2 2h2v-1.5ZM8 12v-1.5h2a.5.5 0 0 0 .5-.5V8H12v2a2 2 0 0 1-2 2H8Zm2-12a2 2 0 0 1 2 2v2h-1.5V2a.5.5 0 0 0-.5-.5H8V0h2Z\" \/>\n\t\t\t<\/svg>\n\t\t<\/button><\/figure><\/div>\n<p><em>Lecture series \u201cCinema\u201d<\/em><\/p>\n\n<p>The film series takes the diagnosis of a \u201cfragility of normative orders\u201d as an opportunity to examine the crisis nature of such orders in the microcosm of the actors involved in the production of films. This is done using the example of feature films that deal with the failure or miscarriage of such productions in fictional and documentary forms. The production of feature films is visualized as a cooperative project with considerable potential for conflict and a highly uncertain outcome. What happens during the planning and realization of film productions proves to be a <em>theatrum mundi<\/em> on a small scale, in which the dissonant interplay of forces of the larger world is reflected. The exhibition explores how the susceptibility to crisis of creative processes manifests the polarity of integration and disintegration in social conditions. The presentation of each film will be introduced by a lecture, followed by an opportunity for discussion.     <\/p>\n\n<p>MUSEUM MMK FOR MODERN ART<br\/>Domstra\u00dfe 10<br\/>60311 Frankfurt am Main<\/p>\n\n<p>The event is open to the public. Admission is free<\/p>\n\n<p>Organization: <strong>Prof. Dr. Angela Keppler<\/strong> (Principal Investigator of the Cluster of Excellence \u201cThe Formation of Normative Orders\u201d and Professor of Media Sociology at the University of Mannheim), <strong>Prof. Dr. Christoph Menke<\/strong>(Principal Investigator of the Cluster of Excellence \u201cThe Formation of Normative Orders\u201d and Professor of Practical Philosophy with a focus on Political Philosophy and Philosophy of Law at Goethe University) and <strong>Prof. Dr. Martin Seel<\/strong> (Principal Investigator of the Cluster of Excellence \u201cThe Formation of Normative Orders\u201d and Professor of Philosophy at Goethe University Frankfurt am Main)<\/p>\n\n<p><strong>Program:<\/strong><\/p>\n\n<p><em>Tuesday 30 April 2019, 19:00<br\/><\/em><strong>Fragile temporalities<\/strong><br\/><strong>Prof. Dr. Lisa Gotto<\/strong> (University of Vienna)<strong><br\/><\/strong>Planned film program: Ic\u00edar Bolla\u00edn, <em>Tambi\u00e9n la Illuvia<\/em><em>(And Then the Rain<\/em>), MEX\/ESP\/F 2010<\/p>\n\n<p><em>Tuesday, June 4, 2019, 7:00 p.m.<br\/><\/em><strong>Films about films that don&#8217;t exist: The Un-Making-Of a Don Quixote Adaptation<\/strong><br\/><strong>Prof. em. Dr. Hans J\u00fcrgen Wulff <\/strong>  (Kiel)<br\/>Planned film program: Keith Fulton \/ Louis Pepe, <em>Lost in La Mancha<\/em>, USA 2002 (OV)<\/p>\n\n<p><em>Tuesday, June 25, 2019, 7:00 p.m.<br\/><\/em><strong>The comedy of the crisis. Cooperation \u00e0 la Hollywood <\/strong><br\/><strong>Prof. Dr. Christiane Voss<\/strong> (Bauhaus-Universit\u00e4t Weimar)<br\/>Planned film program: Robert Altman, <em>The Player<\/em>, USA 1992<\/p>\n\n<p><em>Tuesday, 9 July 2019, 19:00<br\/><\/em><strong>After Tabernas!<\/strong><br\/><strong>Prof. Dr. Diedrich Diederichsen<\/strong> (Academy of Fine Arts Vienna)<br\/>Planned film program: Rainer Werner Fassbinder, <em>Warnung vor einer heiligen Nutte<\/em>, D 1971<\/p>\n\n<p><strong>Organizer:<\/strong> Cluster of Excellence \u201cThe Formation of Normative Orders\u201d<\/p>\n","protected":false},"excerpt":{"rendered":"<p>Lecture series \u201cCinema\u201d The film series takes the diagnosis of a \u201cfragility of normative orders\u201d as an opportunity to examine the crisis nature of such orders in the microcosm of [&hellip;]<\/p>\n","protected":false},"author":6,"featured_media":0,"parent":10060,"menu_order":0,"comment_status":"closed","ping_status":"closed","template":"templates\/text_content.php","meta":{"inline_featured_image":false,"footnotes":"","_links_to":"","_links_to_target":""},"class_list":["post-10064","page","type-page","status-publish","hentry"],"acf":[],"_links":{"self":[{"href":"https:\/\/normativeorders.net\/en\/wp-json\/wp\/v2\/pages\/10064"}],"collection":[{"href":"https:\/\/normativeorders.net\/en\/wp-json\/wp\/v2\/pages"}],"about":[{"href":"https:\/\/normativeorders.net\/en\/wp-json\/wp\/v2\/types\/page"}],"author":[{"embeddable":true,"href":"https:\/\/normativeorders.net\/en\/wp-json\/wp\/v2\/users\/6"}],"replies":[{"embeddable":true,"href":"https:\/\/normativeorders.net\/en\/wp-json\/wp\/v2\/comments?post=10064"}],"version-history":[{"count":3,"href":"https:\/\/normativeorders.net\/en\/wp-json\/wp\/v2\/pages\/10064\/revisions"}],"predecessor-version":[{"id":10067,"href":"https:\/\/normativeorders.net\/en\/wp-json\/wp\/v2\/pages\/10064\/revisions\/10067"}],"up":[{"embeddable":true,"href":"https:\/\/normativeorders.net\/en\/wp-json\/wp\/v2\/pages\/10060"}],"wp:attachment":[{"href":"https:\/\/normativeorders.net\/en\/wp-json\/wp\/v2\/media?parent=10064"}],"curies":[{"name":"wp","href":"https:\/\/api.w.org\/{rel}","templated":true}]}}